{"id":165,"date":"2022-11-17T10:15:48","date_gmt":"2022-11-17T13:15:48","guid":{"rendered":"https:\/\/padregraziano.com\/?page_id=165"},"modified":"2022-11-28T19:08:39","modified_gmt":"2022-11-28T22:08:39","slug":"agencia-consular","status":"publish","type":"page","link":"https:\/\/padregraziano.com\/index.php\/projetos\/agencia-consular\/","title":{"rendered":"Ag\u00eancia Consular"},"content":{"rendered":"\t\t<div data-elementor-type=\"wp-page\" data-elementor-id=\"165\" class=\"elementor elementor-165\">\n\t\t\t\t\t\t\t\t\t<section class=\"elementor-section elementor-top-section elementor-element elementor-element-4265080d elementor-section-boxed elementor-section-height-default elementor-section-height-default\" data-id=\"4265080d\" data-element_type=\"section\" data-settings=\"{&quot;jet_parallax_layout_list&quot;:[]}\">\n\t\t\t\t\t\t<div class=\"elementor-container elementor-column-gap-default\">\n\t\t\t\t\t<div class=\"elementor-column elementor-col-100 elementor-top-column elementor-element elementor-element-4e3a94af\" data-id=\"4e3a94af\" data-element_type=\"column\">\n\t\t\t<div class=\"elementor-widget-wrap elementor-element-populated\">\n\t\t\t\t\t\t\t\t<div class=\"elementor-element elementor-element-14b3d1be elementor-widget elementor-widget-spacer\" data-id=\"14b3d1be\" data-element_type=\"widget\" data-widget_type=\"spacer.default\">\n\t\t\t\t<div class=\"elementor-widget-container\">\n\t\t\t<style>\/*! elementor - v3.8.1 - 13-11-2022 *\/\n.elementor-column .elementor-spacer-inner{height:var(--spacer-size)}.e-con{--container-widget-width:100%}.e-con-inner>.elementor-widget-spacer,.e-con>.elementor-widget-spacer{width:var(--container-widget-width,var(--spacer-size));-ms-flex-item-align:stretch;align-self:stretch;-ms-flex-negative:0;flex-shrink:0}.e-con-inner>.elementor-widget-spacer>.elementor-widget-container,.e-con-inner>.elementor-widget-spacer>.elementor-widget-container>.elementor-spacer,.e-con>.elementor-widget-spacer>.elementor-widget-container,.e-con>.elementor-widget-spacer>.elementor-widget-container>.elementor-spacer{height:100%}.e-con-inner>.elementor-widget-spacer>.elementor-widget-container>.elementor-spacer>.elementor-spacer-inner,.e-con>.elementor-widget-spacer>.elementor-widget-container>.elementor-spacer>.elementor-spacer-inner{height:var(--container-widget-height,var(--spacer-size))}<\/style>\t\t<div class=\"elementor-spacer\">\n\t\t\t<div class=\"elementor-spacer-inner\"><\/div>\n\t\t<\/div>\n\t\t\t\t<\/div>\n\t\t\t\t<\/div>\n\t\t\t\t<div class=\"elementor-element elementor-element-38c16d4f elementor-widget elementor-widget-spacer\" data-id=\"38c16d4f\" data-element_type=\"widget\" data-widget_type=\"spacer.default\">\n\t\t\t\t<div class=\"elementor-widget-container\">\n\t\t\t\t\t<div class=\"elementor-spacer\">\n\t\t\t<div class=\"elementor-spacer-inner\"><\/div>\n\t\t<\/div>\n\t\t\t\t<\/div>\n\t\t\t\t<\/div>\n\t\t\t\t\t<\/div>\n\t\t<\/div>\n\t\t\t\t\t\t\t<\/div>\n\t\t<\/section>\n\t\t\t\t<section class=\"elementor-section elementor-top-section elementor-element elementor-element-6fdd6b1a elementor-section-height-min-height elementor-section-full_width elementor-section-height-default elementor-section-items-middle\" data-id=\"6fdd6b1a\" data-element_type=\"section\" data-settings=\"{&quot;background_background&quot;:&quot;gradient&quot;,&quot;shape_divider_bottom&quot;:&quot;waves&quot;,&quot;jet_parallax_layout_list&quot;:[]}\">\n\t\t\t\t\t\t\t<div class=\"elementor-background-overlay\"><\/div>\n\t\t\t\t\t\t<div class=\"elementor-shape elementor-shape-bottom\" data-negative=\"false\">\n\t\t\t<svg xmlns=\"http:\/\/www.w3.org\/2000\/svg\" viewBox=\"0 0 1000 100\" preserveAspectRatio=\"none\">\n\t<path class=\"elementor-shape-fill\" d=\"M421.9,6.5c22.6-2.5,51.5,0.4,75.5,5.3c23.6,4.9,70.9,23.5,100.5,35.7c75.8,32.2,133.7,44.5,192.6,49.7\n\tc23.6,2.1,48.7,3.5,103.4-2.5c54.7-6,106.2-25.6,106.2-25.6V0H0v30.3c0,0,72,32.6,158.4,30.5c39.2-0.7,92.8-6.7,134-22.4\n\tc21.2-8.1,52.2-18.2,79.7-24.2C399.3,7.9,411.6,7.5,421.9,6.5z\"\/>\n<\/svg>\t\t<\/div>\n\t\t\t\t\t<div class=\"elementor-container elementor-column-gap-default\">\n\t\t\t\t\t<div class=\"elementor-column elementor-col-100 elementor-top-column elementor-element elementor-element-24d4590\" data-id=\"24d4590\" data-element_type=\"column\">\n\t\t\t<div class=\"elementor-widget-wrap elementor-element-populated\">\n\t\t\t\t\t\t\t\t<div class=\"elementor-element elementor-element-59a72ef2 elementor-widget elementor-widget-heading\" data-id=\"59a72ef2\" data-element_type=\"widget\" data-widget_type=\"heading.default\">\n\t\t\t\t<div class=\"elementor-widget-container\">\n\t\t\t<style>\/*! elementor - v3.8.1 - 13-11-2022 *\/\n.elementor-heading-title{padding:0;margin:0;line-height:1}.elementor-widget-heading .elementor-heading-title[class*=elementor-size-]>a{color:inherit;font-size:inherit;line-height:inherit}.elementor-widget-heading .elementor-heading-title.elementor-size-small{font-size:15px}.elementor-widget-heading .elementor-heading-title.elementor-size-medium{font-size:19px}.elementor-widget-heading .elementor-heading-title.elementor-size-large{font-size:29px}.elementor-widget-heading .elementor-heading-title.elementor-size-xl{font-size:39px}.elementor-widget-heading .elementor-heading-title.elementor-size-xxl{font-size:59px}<\/style><h2 class=\"elementor-heading-title elementor-size-default\">Ag\u00eancia Consular<\/h2>\t\t<\/div>\n\t\t\t\t<\/div>\n\t\t\t\t\t<\/div>\n\t\t<\/div>\n\t\t\t\t\t\t\t<\/div>\n\t\t<\/section>\n\t\t<div class=\"elementor-element elementor-element-10cb9baa e-con-boxed elementor-invisible e-con\" data-id=\"10cb9baa\" data-element_type=\"container\" data-settings=\"{&quot;animation&quot;:&quot;slideInUp&quot;,&quot;content_width&quot;:&quot;boxed&quot;}\">\n\t\t\t\t\t<div class=\"e-con-inner\">\n\t\t\t\t<div class=\"elementor-element elementor-element-664639ea elementor-widget__width-initial elementor-widget elementor-widget-image\" data-id=\"664639ea\" data-element_type=\"widget\" data-widget_type=\"image.default\">\n\t\t\t\t<div class=\"elementor-widget-container\">\n\t\t\t<style>\/*! elementor - v3.8.1 - 13-11-2022 *\/\n.elementor-widget-image{text-align:center}.elementor-widget-image a{display:inline-block}.elementor-widget-image a img[src$=\".svg\"]{width:48px}.elementor-widget-image img{vertical-align:middle;display:inline-block}<\/style>\t\t\t\t\t\t\t\t\t\t\t\t<img loading=\"lazy\" decoding=\"async\" width=\"1500\" height=\"1000\" src=\"https:\/\/padregraziano.com\/wp-content\/uploads\/2022\/11\/flag-italy.jpg\" class=\"attachment-full size-full\" alt=\"\" srcset=\"https:\/\/padregraziano.com\/wp-content\/uploads\/2022\/11\/flag-italy.jpg 1500w, https:\/\/padregraziano.com\/wp-content\/uploads\/2022\/11\/flag-italy-300x200.jpg 300w, https:\/\/padregraziano.com\/wp-content\/uploads\/2022\/11\/flag-italy-1024x683.jpg 1024w, https:\/\/padregraziano.com\/wp-content\/uploads\/2022\/11\/flag-italy-768x512.jpg 768w\" sizes=\"(max-width: 1500px) 100vw, 1500px\" \/>\t\t\t\t\t\t\t\t\t\t\t\t\t\t\t<\/div>\n\t\t\t\t<\/div>\n\t\t\t\t\t<\/div>\n\t\t\t\t<\/div>\n\t\t<div class=\"elementor-element elementor-element-1fe7d78a e-con-boxed elementor-invisible e-con\" data-id=\"1fe7d78a\" data-element_type=\"container\" data-settings=\"{&quot;animation&quot;:&quot;fadeIn&quot;,&quot;content_width&quot;:&quot;boxed&quot;}\">\n\t\t\t\t\t<div class=\"e-con-inner\">\n\t\t\t\t<div class=\"elementor-element elementor-element-305f87e7 elementor-widget elementor-widget-text-editor\" data-id=\"305f87e7\" data-element_type=\"widget\" data-widget_type=\"text-editor.default\">\n\t\t\t\t<div class=\"elementor-widget-container\">\n\t\t\t<style>\/*! elementor - v3.8.1 - 13-11-2022 *\/\n.elementor-widget-text-editor.elementor-drop-cap-view-stacked .elementor-drop-cap{background-color:#818a91;color:#fff}.elementor-widget-text-editor.elementor-drop-cap-view-framed .elementor-drop-cap{color:#818a91;border:3px solid;background-color:transparent}.elementor-widget-text-editor:not(.elementor-drop-cap-view-default) .elementor-drop-cap{margin-top:8px}.elementor-widget-text-editor:not(.elementor-drop-cap-view-default) .elementor-drop-cap-letter{width:1em;height:1em}.elementor-widget-text-editor .elementor-drop-cap{float:left;text-align:center;line-height:1;font-size:50px}.elementor-widget-text-editor .elementor-drop-cap-letter{display:inline-block}<\/style>\t\t\t\t<p>Padre Graziano Cirina foi nomeado Correspondente Consular em 1999, pelo ent\u00e3o c\u00f4nsul da It\u00e1lia em Belo Horizonte, Dr. Alberto Pieri.<\/p><p>Sempre no espirito de solidariedade com seus compatriotas e seus descendentes, j\u00e1 prestava um servi\u00e7o volunt\u00e1rio aos Italianos da cidade e regi\u00e3o.<\/p><p>Foi tradutor juramentado do Consulado italiano em BH por v\u00e1rios anos.<\/p><p>Em setembro de 2005, Padre Graziano Cirina foi nomeado pelo ent\u00e3o c\u00f4nsul da It\u00e1lia em Belo Horizonte Dr. Gabriele Annis, Agente Consular honor\u00e1rio d\u2019It\u00e1lia em Po\u00e7os de Caldas, em um momento dif\u00edcil para ele, pois havia sofrido um acidente bastante s\u00e9rio em junho daquele ano. Mesmo assim o espirito mission\u00e1rio e solid\u00e1rio sempre falou mais alto e abra\u00e7ou este trabalho volunt\u00e1rio.<\/p><p>Em fevereiro de 2006 foi inaugurada a Ag\u00eancia Consular Honor\u00e1ria em Po\u00e7os de Caldas.<\/p><figure id=\"attachment_645\" aria-describedby=\"caption-attachment-645\" style=\"width: 1024px\" class=\"wp-caption aligncenter\"><img loading=\"lazy\" decoding=\"async\" class=\"wp-image-645 size-large\" src=\"https:\/\/padregraziano.com\/wp-content\/uploads\/2022\/11\/20211107_132438-1024x752.jpg\" alt=\"\" width=\"1024\" height=\"752\" srcset=\"https:\/\/padregraziano.com\/wp-content\/uploads\/2022\/11\/20211107_132438-1024x752.jpg 1024w, https:\/\/padregraziano.com\/wp-content\/uploads\/2022\/11\/20211107_132438-300x220.jpg 300w, https:\/\/padregraziano.com\/wp-content\/uploads\/2022\/11\/20211107_132438-768x564.jpg 768w, https:\/\/padregraziano.com\/wp-content\/uploads\/2022\/11\/20211107_132438-1536x1129.jpg 1536w, https:\/\/padregraziano.com\/wp-content\/uploads\/2022\/11\/20211107_132438-2048x1505.jpg 2048w\" sizes=\"(max-width: 1024px) 100vw, 1024px\" \/><figcaption id=\"caption-attachment-645\" class=\"wp-caption-text\">Padre Graziano e o ent\u00e3o c\u00f4nsul da It\u00e1lia na inaugura\u00e7\u00e3o da Ag\u00eancia Consular em 2006<\/figcaption><\/figure><p>O objetivo sempre foi ajudar os italianos e seus descendentes diminuindo a dist\u00e2ncia entre eles e o Consulado Italiano em BH sendo que o sul de Minas possui uma das maiores concentra\u00e7\u00f5es de italianos e para a maioria a dificuldade de acesso ao Consulado sempre foi grande.<\/p><p>O Padre Graziano como Agente Consular ajudou milhares de fam\u00edlias fazendo esta liga\u00e7\u00e3o com o Consulado, tornando poss\u00edvel a emiss\u00e3o do Passaporte italiano, a legaliza\u00e7\u00e3o de documentos, a solicita\u00e7\u00e3o de visto e at\u00e9 mesmo assist\u00eancia para italianos com dificuldade financeira e muitos outros servi\u00e7os atrav\u00e9s da Agencia Consular.<\/p><p>In\u00fameros italianos e seus descendentes em Po\u00e7os e toda regi\u00e3o foram beneficiados pelo trabalho volunt\u00e1rio e solid\u00e1rio que o Padre Graziano fez como Agente Consular. Foi um trabalho intenso no resgate da origem e reconhecimento da cidadania italiana para milhares de fam\u00edlias. Era uma alegria imensa para o padre realizar o sonho de seus conterr\u00e2neos.<\/p><p>Uma caracter\u00edstica sempre marcante do padre foi a solidariedade, tudo que fazia era com muito amor ao pr\u00f3ximo, sem medir esfor\u00e7os.<\/p><p>A Agencia Consular deveria ser um \u00f3rg\u00e3o de informa\u00e7\u00e3o e orienta\u00e7\u00e3o, mas com ele foi al\u00e9m disso, ele auxiliava na execu\u00e7\u00e3o tamb\u00e9m, devido as dificuldades de muitas pessoas simples tinham. O trabalho dele enquanto Agente Consular sempre foi exercido como miss\u00e3o.<\/p><p>Inclusive uma conquista in\u00e9dita do padre Graciano Cirina como Agente Consular foi trazer o Consulado italiano de Belo Horizonte em miss\u00e3o itinerante para emiss\u00e3o de Passaportes.\u00a0<\/p><p>Infelizmente por quest\u00f5es de sa\u00fade ele pediu afastamento da fun\u00e7\u00e3o de Agente Consular Honor\u00e1rio d\u2019It\u00e1lia e a Agencia Consular Honor\u00e1ria teve suas fun\u00e7\u00f5es encerradas em dezembro de 2018.<\/p><figure id=\"attachment_646\" aria-describedby=\"caption-attachment-646\" style=\"width: 550px\" class=\"wp-caption aligncenter\"><img loading=\"lazy\" decoding=\"async\" class=\"wp-image-646 size-full\" src=\"https:\/\/padregraziano.com\/wp-content\/uploads\/2022\/11\/image1.jpeg\" alt=\"\" width=\"550\" height=\"366\" srcset=\"https:\/\/padregraziano.com\/wp-content\/uploads\/2022\/11\/image1.jpeg 550w, https:\/\/padregraziano.com\/wp-content\/uploads\/2022\/11\/image1-300x200.jpeg 300w\" sizes=\"(max-width: 550px) 100vw, 550px\" \/><figcaption id=\"caption-attachment-646\" class=\"wp-caption-text\">Foto feita em 2017. Na foto, da esquerda para a direita: Padre Graziano, secret\u00e1rio-geral da C\u00e2mara \u00cdtalo-brasileira de Com\u00e9rcio, Ind\u00fastria e Agricultura de Minas Gerais, Leonardo Freitas, prefeito em 2017 S\u00e9rgio Azevedo, consulesa Aurora Russi e seu esposo Eduardo Russi<\/figcaption><\/figure>\t\t\t\t\t\t<\/div>\n\t\t\t\t<\/div>\n\t\t\t\t\t<\/div>\n\t\t\t\t<\/div>\n\t\t\t\t\t\t\t<\/div>\n\t\t","protected":false},"excerpt":{"rendered":"<p>Ag\u00eancia Consular Padre Graziano Cirina foi nomeado Correspondente Consular em 1999, pelo ent\u00e3o c\u00f4nsul da It\u00e1lia em Belo Horizonte, Dr. Alberto Pieri. Sempre no espirito de solidariedade com seus compatriotas e seus descendentes, j\u00e1 prestava um servi\u00e7o volunt\u00e1rio aos Italianos da cidade e regi\u00e3o. Foi tradutor juramentado do Consulado italiano em BH por v\u00e1rios anos. [&hellip;]<\/p>\n","protected":false},"author":1,"featured_media":0,"parent":155,"menu_order":0,"comment_status":"closed","ping_status":"closed","template":"elementor_header_footer","meta":{"footnotes":""},"yoast_head":"<!-- This site is optimized with the Yoast SEO plugin v19.11 - https:\/\/yoast.com\/wordpress\/plugins\/seo\/ -->\n<title>Ag\u00eancia Consular - Memorial Padre Graziano Cirina<\/title>\n<meta name=\"robots\" content=\"index, follow, max-snippet:-1, max-image-preview:large, max-video-preview:-1\" \/>\n<link rel=\"canonical\" href=\"https:\/\/padregraziano.com\/index.php\/projetos\/agencia-consular\/\" \/>\n<meta property=\"og:locale\" content=\"pt_BR\" \/>\n<meta property=\"og:type\" content=\"article\" \/>\n<meta property=\"og:title\" content=\"Ag\u00eancia Consular - Memorial Padre Graziano Cirina\" \/>\n<meta property=\"og:description\" content=\"Ag\u00eancia Consular Padre Graziano Cirina foi nomeado Correspondente Consular em 1999, pelo ent\u00e3o c\u00f4nsul da It\u00e1lia em Belo Horizonte, Dr. Alberto Pieri. Sempre no espirito de solidariedade com seus compatriotas e seus descendentes, j\u00e1 prestava um servi\u00e7o volunt\u00e1rio aos Italianos da cidade e regi\u00e3o. Foi tradutor juramentado do Consulado italiano em BH por v\u00e1rios anos. [&hellip;]\" \/>\n<meta property=\"og:url\" content=\"https:\/\/padregraziano.com\/index.php\/projetos\/agencia-consular\/\" \/>\n<meta property=\"og:site_name\" content=\"Memorial Padre Graziano Cirina\" \/>\n<meta property=\"article:publisher\" content=\"https:\/\/www.facebook.com\/MemorialPadreGraziano\" \/>\n<meta property=\"article:modified_time\" content=\"2022-11-28T22:08:39+00:00\" \/>\n<meta property=\"og:image\" content=\"https:\/\/padregraziano.com\/wp-content\/uploads\/2022\/11\/flag-italy.jpg\" \/>\n<meta name=\"twitter:card\" content=\"summary_large_image\" \/>\n<meta name=\"twitter:label1\" content=\"Est. tempo de leitura\" \/>\n\t<meta name=\"twitter:data1\" content=\"3 minutos\" \/>\n<script type=\"application\/ld+json\" class=\"yoast-schema-graph\">{\"@context\":\"https:\/\/schema.org\",\"@graph\":[{\"@type\":\"WebPage\",\"@id\":\"https:\/\/padregraziano.com\/index.php\/projetos\/agencia-consular\/\",\"url\":\"https:\/\/padregraziano.com\/index.php\/projetos\/agencia-consular\/\",\"name\":\"Ag\u00eancia Consular - Memorial Padre Graziano Cirina\",\"isPartOf\":{\"@id\":\"https:\/\/padregraziano.com\/#website\"},\"datePublished\":\"2022-11-17T13:15:48+00:00\",\"dateModified\":\"2022-11-28T22:08:39+00:00\",\"breadcrumb\":{\"@id\":\"https:\/\/padregraziano.com\/index.php\/projetos\/agencia-consular\/#breadcrumb\"},\"inLanguage\":\"pt-BR\",\"potentialAction\":[{\"@type\":\"ReadAction\",\"target\":[\"https:\/\/padregraziano.com\/index.php\/projetos\/agencia-consular\/\"]}]},{\"@type\":\"BreadcrumbList\",\"@id\":\"https:\/\/padregraziano.com\/index.php\/projetos\/agencia-consular\/#breadcrumb\",\"itemListElement\":[{\"@type\":\"ListItem\",\"position\":1,\"name\":\"In\u00edcio\",\"item\":\"https:\/\/padregraziano.com\/\"},{\"@type\":\"ListItem\",\"position\":2,\"name\":\"Projetos\",\"item\":\"https:\/\/padregraziano.com\/index.php\/projetos\/\"},{\"@type\":\"ListItem\",\"position\":3,\"name\":\"Ag\u00eancia Consular\"}]},{\"@type\":\"WebSite\",\"@id\":\"https:\/\/padregraziano.com\/#website\",\"url\":\"https:\/\/padregraziano.com\/\",\"name\":\"Memorial Padre Graziano Cirina\",\"description\":\"Site dedicado a manter viva a mem\u00f3ria do padre Graziano Cirina\",\"publisher\":{\"@id\":\"https:\/\/padregraziano.com\/#organization\"},\"potentialAction\":[{\"@type\":\"SearchAction\",\"target\":{\"@type\":\"EntryPoint\",\"urlTemplate\":\"https:\/\/padregraziano.com\/?s={search_term_string}\"},\"query-input\":\"required name=search_term_string\"}],\"inLanguage\":\"pt-BR\"},{\"@type\":\"Organization\",\"@id\":\"https:\/\/padregraziano.com\/#organization\",\"name\":\"Memorial Padre Graziano Cirina\",\"url\":\"https:\/\/padregraziano.com\/\",\"logo\":{\"@type\":\"ImageObject\",\"inLanguage\":\"pt-BR\",\"@id\":\"https:\/\/padregraziano.com\/#\/schema\/logo\/image\/\",\"url\":\"https:\/\/padregraziano.com\/wp-content\/uploads\/2022\/06\/Sem-titulo-1.png\",\"contentUrl\":\"https:\/\/padregraziano.com\/wp-content\/uploads\/2022\/06\/Sem-titulo-1.png\",\"width\":1080,\"height\":361,\"caption\":\"Memorial Padre Graziano Cirina\"},\"image\":{\"@id\":\"https:\/\/padregraziano.com\/#\/schema\/logo\/image\/\"},\"sameAs\":[\"https:\/\/www.instagram.com\/memorialpadregraziano\/\",\"https:\/\/www.youtube.com\/channel\/UC-8LlZNOI_0L6AEaMkpTY5A\",\"https:\/\/www.facebook.com\/MemorialPadreGraziano\"]}]}<\/script>\n<!-- \/ Yoast SEO plugin. -->","yoast_head_json":{"title":"Ag\u00eancia Consular - Memorial Padre Graziano Cirina","robots":{"index":"index","follow":"follow","max-snippet":"max-snippet:-1","max-image-preview":"max-image-preview:large","max-video-preview":"max-video-preview:-1"},"canonical":"https:\/\/padregraziano.com\/index.php\/projetos\/agencia-consular\/","og_locale":"pt_BR","og_type":"article","og_title":"Ag\u00eancia Consular - Memorial Padre Graziano Cirina","og_description":"Ag\u00eancia Consular Padre Graziano Cirina foi nomeado Correspondente Consular em 1999, pelo ent\u00e3o c\u00f4nsul da It\u00e1lia em Belo Horizonte, Dr. Alberto Pieri. Sempre no espirito de solidariedade com seus compatriotas e seus descendentes, j\u00e1 prestava um servi\u00e7o volunt\u00e1rio aos Italianos da cidade e regi\u00e3o. Foi tradutor juramentado do Consulado italiano em BH por v\u00e1rios anos. [&hellip;]","og_url":"https:\/\/padregraziano.com\/index.php\/projetos\/agencia-consular\/","og_site_name":"Memorial Padre Graziano Cirina","article_publisher":"https:\/\/www.facebook.com\/MemorialPadreGraziano","article_modified_time":"2022-11-28T22:08:39+00:00","og_image":[{"url":"https:\/\/padregraziano.com\/wp-content\/uploads\/2022\/11\/flag-italy.jpg"}],"twitter_card":"summary_large_image","twitter_misc":{"Est. tempo de leitura":"3 minutos"},"schema":{"@context":"https:\/\/schema.org","@graph":[{"@type":"WebPage","@id":"https:\/\/padregraziano.com\/index.php\/projetos\/agencia-consular\/","url":"https:\/\/padregraziano.com\/index.php\/projetos\/agencia-consular\/","name":"Ag\u00eancia Consular - Memorial Padre Graziano Cirina","isPartOf":{"@id":"https:\/\/padregraziano.com\/#website"},"datePublished":"2022-11-17T13:15:48+00:00","dateModified":"2022-11-28T22:08:39+00:00","breadcrumb":{"@id":"https:\/\/padregraziano.com\/index.php\/projetos\/agencia-consular\/#breadcrumb"},"inLanguage":"pt-BR","potentialAction":[{"@type":"ReadAction","target":["https:\/\/padregraziano.com\/index.php\/projetos\/agencia-consular\/"]}]},{"@type":"BreadcrumbList","@id":"https:\/\/padregraziano.com\/index.php\/projetos\/agencia-consular\/#breadcrumb","itemListElement":[{"@type":"ListItem","position":1,"name":"In\u00edcio","item":"https:\/\/padregraziano.com\/"},{"@type":"ListItem","position":2,"name":"Projetos","item":"https:\/\/padregraziano.com\/index.php\/projetos\/"},{"@type":"ListItem","position":3,"name":"Ag\u00eancia Consular"}]},{"@type":"WebSite","@id":"https:\/\/padregraziano.com\/#website","url":"https:\/\/padregraziano.com\/","name":"Memorial Padre Graziano Cirina","description":"Site dedicado a manter viva a mem\u00f3ria do padre Graziano Cirina","publisher":{"@id":"https:\/\/padregraziano.com\/#organization"},"potentialAction":[{"@type":"SearchAction","target":{"@type":"EntryPoint","urlTemplate":"https:\/\/padregraziano.com\/?s={search_term_string}"},"query-input":"required name=search_term_string"}],"inLanguage":"pt-BR"},{"@type":"Organization","@id":"https:\/\/padregraziano.com\/#organization","name":"Memorial Padre Graziano Cirina","url":"https:\/\/padregraziano.com\/","logo":{"@type":"ImageObject","inLanguage":"pt-BR","@id":"https:\/\/padregraziano.com\/#\/schema\/logo\/image\/","url":"https:\/\/padregraziano.com\/wp-content\/uploads\/2022\/06\/Sem-titulo-1.png","contentUrl":"https:\/\/padregraziano.com\/wp-content\/uploads\/2022\/06\/Sem-titulo-1.png","width":1080,"height":361,"caption":"Memorial Padre Graziano Cirina"},"image":{"@id":"https:\/\/padregraziano.com\/#\/schema\/logo\/image\/"},"sameAs":["https:\/\/www.instagram.com\/memorialpadregraziano\/","https:\/\/www.youtube.com\/channel\/UC-8LlZNOI_0L6AEaMkpTY5A","https:\/\/www.facebook.com\/MemorialPadreGraziano"]}]}},"_links":{"self":[{"href":"https:\/\/padregraziano.com\/index.php\/wp-json\/wp\/v2\/pages\/165"}],"collection":[{"href":"https:\/\/padregraziano.com\/index.php\/wp-json\/wp\/v2\/pages"}],"about":[{"href":"https:\/\/padregraziano.com\/index.php\/wp-json\/wp\/v2\/types\/page"}],"author":[{"embeddable":true,"href":"https:\/\/padregraziano.com\/index.php\/wp-json\/wp\/v2\/users\/1"}],"replies":[{"embeddable":true,"href":"https:\/\/padregraziano.com\/index.php\/wp-json\/wp\/v2\/comments?post=165"}],"version-history":[{"count":7,"href":"https:\/\/padregraziano.com\/index.php\/wp-json\/wp\/v2\/pages\/165\/revisions"}],"predecessor-version":[{"id":653,"href":"https:\/\/padregraziano.com\/index.php\/wp-json\/wp\/v2\/pages\/165\/revisions\/653"}],"up":[{"embeddable":true,"href":"https:\/\/padregraziano.com\/index.php\/wp-json\/wp\/v2\/pages\/155"}],"wp:attachment":[{"href":"https:\/\/padregraziano.com\/index.php\/wp-json\/wp\/v2\/media?parent=165"}],"curies":[{"name":"wp","href":"https:\/\/api.w.org\/{rel}","templated":true}]}}