{"id":160,"date":"2022-11-17T10:13:19","date_gmt":"2022-11-17T13:13:19","guid":{"rendered":"https:\/\/padregraziano.com\/?page_id=160"},"modified":"2022-12-01T09:53:10","modified_gmt":"2022-12-01T12:53:10","slug":"vamos-minha-gente","status":"publish","type":"page","link":"https:\/\/padregraziano.com\/index.php\/projetos\/vamos-minha-gente\/","title":{"rendered":"Vamos Minha Gente"},"content":{"rendered":"\t\t<div data-elementor-type=\"wp-page\" data-elementor-id=\"160\" class=\"elementor elementor-160\">\n\t\t\t\t\t\t\t\t\t<section class=\"elementor-section elementor-top-section elementor-element elementor-element-609d0f8e elementor-section-boxed elementor-section-height-default elementor-section-height-default\" data-id=\"609d0f8e\" data-element_type=\"section\" data-settings=\"{&quot;jet_parallax_layout_list&quot;:[]}\">\n\t\t\t\t\t\t<div class=\"elementor-container elementor-column-gap-default\">\n\t\t\t\t\t<div class=\"elementor-column elementor-col-100 elementor-top-column elementor-element elementor-element-72a053d5\" data-id=\"72a053d5\" data-element_type=\"column\">\n\t\t\t<div class=\"elementor-widget-wrap elementor-element-populated\">\n\t\t\t\t\t\t\t\t<div class=\"elementor-element elementor-element-68dbc7bb elementor-widget elementor-widget-spacer\" data-id=\"68dbc7bb\" data-element_type=\"widget\" data-widget_type=\"spacer.default\">\n\t\t\t\t<div class=\"elementor-widget-container\">\n\t\t\t<style>\/*! elementor - v3.8.1 - 13-11-2022 *\/\n.elementor-column .elementor-spacer-inner{height:var(--spacer-size)}.e-con{--container-widget-width:100%}.e-con-inner>.elementor-widget-spacer,.e-con>.elementor-widget-spacer{width:var(--container-widget-width,var(--spacer-size));-ms-flex-item-align:stretch;align-self:stretch;-ms-flex-negative:0;flex-shrink:0}.e-con-inner>.elementor-widget-spacer>.elementor-widget-container,.e-con-inner>.elementor-widget-spacer>.elementor-widget-container>.elementor-spacer,.e-con>.elementor-widget-spacer>.elementor-widget-container,.e-con>.elementor-widget-spacer>.elementor-widget-container>.elementor-spacer{height:100%}.e-con-inner>.elementor-widget-spacer>.elementor-widget-container>.elementor-spacer>.elementor-spacer-inner,.e-con>.elementor-widget-spacer>.elementor-widget-container>.elementor-spacer>.elementor-spacer-inner{height:var(--container-widget-height,var(--spacer-size))}<\/style>\t\t<div class=\"elementor-spacer\">\n\t\t\t<div class=\"elementor-spacer-inner\"><\/div>\n\t\t<\/div>\n\t\t\t\t<\/div>\n\t\t\t\t<\/div>\n\t\t\t\t<div class=\"elementor-element elementor-element-5150c155 elementor-widget elementor-widget-spacer\" data-id=\"5150c155\" data-element_type=\"widget\" data-widget_type=\"spacer.default\">\n\t\t\t\t<div class=\"elementor-widget-container\">\n\t\t\t\t\t<div class=\"elementor-spacer\">\n\t\t\t<div class=\"elementor-spacer-inner\"><\/div>\n\t\t<\/div>\n\t\t\t\t<\/div>\n\t\t\t\t<\/div>\n\t\t\t\t\t<\/div>\n\t\t<\/div>\n\t\t\t\t\t\t\t<\/div>\n\t\t<\/section>\n\t\t\t\t<section class=\"elementor-section elementor-top-section elementor-element elementor-element-276d560 elementor-section-height-min-height elementor-section-full_width elementor-section-height-default elementor-section-items-middle\" data-id=\"276d560\" data-element_type=\"section\" data-settings=\"{&quot;background_background&quot;:&quot;gradient&quot;,&quot;shape_divider_bottom&quot;:&quot;waves&quot;,&quot;jet_parallax_layout_list&quot;:[]}\">\n\t\t\t\t\t\t\t<div class=\"elementor-background-overlay\"><\/div>\n\t\t\t\t\t\t<div class=\"elementor-shape elementor-shape-bottom\" data-negative=\"false\">\n\t\t\t<svg xmlns=\"http:\/\/www.w3.org\/2000\/svg\" viewBox=\"0 0 1000 100\" preserveAspectRatio=\"none\">\n\t<path class=\"elementor-shape-fill\" d=\"M421.9,6.5c22.6-2.5,51.5,0.4,75.5,5.3c23.6,4.9,70.9,23.5,100.5,35.7c75.8,32.2,133.7,44.5,192.6,49.7\n\tc23.6,2.1,48.7,3.5,103.4-2.5c54.7-6,106.2-25.6,106.2-25.6V0H0v30.3c0,0,72,32.6,158.4,30.5c39.2-0.7,92.8-6.7,134-22.4\n\tc21.2-8.1,52.2-18.2,79.7-24.2C399.3,7.9,411.6,7.5,421.9,6.5z\"\/>\n<\/svg>\t\t<\/div>\n\t\t\t\t\t<div class=\"elementor-container elementor-column-gap-default\">\n\t\t\t\t\t<div class=\"elementor-column elementor-col-100 elementor-top-column elementor-element elementor-element-58b4a807\" data-id=\"58b4a807\" data-element_type=\"column\">\n\t\t\t<div class=\"elementor-widget-wrap elementor-element-populated\">\n\t\t\t\t\t\t\t\t<div class=\"elementor-element elementor-element-4f2bf7e7 elementor-widget elementor-widget-heading\" data-id=\"4f2bf7e7\" data-element_type=\"widget\" data-widget_type=\"heading.default\">\n\t\t\t\t<div class=\"elementor-widget-container\">\n\t\t\t<style>\/*! elementor - v3.8.1 - 13-11-2022 *\/\n.elementor-heading-title{padding:0;margin:0;line-height:1}.elementor-widget-heading .elementor-heading-title[class*=elementor-size-]>a{color:inherit;font-size:inherit;line-height:inherit}.elementor-widget-heading .elementor-heading-title.elementor-size-small{font-size:15px}.elementor-widget-heading .elementor-heading-title.elementor-size-medium{font-size:19px}.elementor-widget-heading .elementor-heading-title.elementor-size-large{font-size:29px}.elementor-widget-heading .elementor-heading-title.elementor-size-xl{font-size:39px}.elementor-widget-heading .elementor-heading-title.elementor-size-xxl{font-size:59px}<\/style><h2 class=\"elementor-heading-title elementor-size-default\">Vamos minha gente<\/h2>\t\t<\/div>\n\t\t\t\t<\/div>\n\t\t\t\t\t<\/div>\n\t\t<\/div>\n\t\t\t\t\t\t\t<\/div>\n\t\t<\/section>\n\t\t<div class=\"elementor-element elementor-element-37dee27f e-con-boxed elementor-invisible e-con\" data-id=\"37dee27f\" data-element_type=\"container\" data-settings=\"{&quot;animation&quot;:&quot;slideInUp&quot;,&quot;content_width&quot;:&quot;boxed&quot;}\">\n\t\t\t\t\t<div class=\"e-con-inner\">\n\t\t\t\t<div class=\"elementor-element elementor-element-6e337295 elementor-widget__width-initial elementor-widget elementor-widget-image\" data-id=\"6e337295\" data-element_type=\"widget\" data-widget_type=\"image.default\">\n\t\t\t\t<div class=\"elementor-widget-container\">\n\t\t\t<style>\/*! elementor - v3.8.1 - 13-11-2022 *\/\n.elementor-widget-image{text-align:center}.elementor-widget-image a{display:inline-block}.elementor-widget-image a img[src$=\".svg\"]{width:48px}.elementor-widget-image img{vertical-align:middle;display:inline-block}<\/style>\t\t\t\t\t\t\t\t\t\t\t\t<img loading=\"lazy\" decoding=\"async\" width=\"960\" height=\"720\" src=\"https:\/\/padregraziano.com\/wp-content\/uploads\/2022\/11\/69134_3115776433752_250633564_n.jpg\" class=\"attachment-full size-full\" alt=\"\" srcset=\"https:\/\/padregraziano.com\/wp-content\/uploads\/2022\/11\/69134_3115776433752_250633564_n.jpg 960w, https:\/\/padregraziano.com\/wp-content\/uploads\/2022\/11\/69134_3115776433752_250633564_n-300x225.jpg 300w, https:\/\/padregraziano.com\/wp-content\/uploads\/2022\/11\/69134_3115776433752_250633564_n-768x576.jpg 768w\" sizes=\"(max-width: 960px) 100vw, 960px\" \/>\t\t\t\t\t\t\t\t\t\t\t\t\t\t\t<\/div>\n\t\t\t\t<\/div>\n\t\t\t\t\t<\/div>\n\t\t\t\t<\/div>\n\t\t<div class=\"elementor-element elementor-element-4138f5b6 e-con-boxed elementor-invisible e-con\" data-id=\"4138f5b6\" data-element_type=\"container\" data-settings=\"{&quot;animation&quot;:&quot;fadeIn&quot;,&quot;content_width&quot;:&quot;boxed&quot;}\">\n\t\t\t\t\t<div class=\"e-con-inner\">\n\t\t\t\t<div class=\"elementor-element elementor-element-170deabc elementor-widget elementor-widget-text-editor\" data-id=\"170deabc\" data-element_type=\"widget\" data-widget_type=\"text-editor.default\">\n\t\t\t\t<div class=\"elementor-widget-container\">\n\t\t\t<style>\/*! elementor - v3.8.1 - 13-11-2022 *\/\n.elementor-widget-text-editor.elementor-drop-cap-view-stacked .elementor-drop-cap{background-color:#818a91;color:#fff}.elementor-widget-text-editor.elementor-drop-cap-view-framed .elementor-drop-cap{color:#818a91;border:3px solid;background-color:transparent}.elementor-widget-text-editor:not(.elementor-drop-cap-view-default) .elementor-drop-cap{margin-top:8px}.elementor-widget-text-editor:not(.elementor-drop-cap-view-default) .elementor-drop-cap-letter{width:1em;height:1em}.elementor-widget-text-editor .elementor-drop-cap{float:left;text-align:center;line-height:1;font-size:50px}.elementor-widget-text-editor .elementor-drop-cap-letter{display:inline-block}<\/style>\t\t\t\t<p><em>\u00a0\u00a0\u00a0\u00a0\u00a0 Vamos Minha Gente \u00e9<\/em> um espet\u00e1culo baseado no consagrado musical italiano \u201c<em>Forza Venite Gente<\/em>\u201d criado em 1981 por Michele Paulicelli e que j\u00e1 realizou milhares de apresenta\u00e7\u00f5es por toda Europa retratando a vida e obra de S\u00e3o Francisco de Assis, um jovem nascido no s\u00e9culo XIII, em Assis na It\u00e1lia e que abandonou o conforto de uma vida rica e se juntou aos pobres, na busca de encontrar um novo sentido para sua vida.<\/p><p>\u00a0\u00a0\u00a0\u00a0\u00a0\u00a0\u00a0\u00a0\u00a0\u00a0\u00a0 Partindo do ponto de vista do pai e sua dificuldade em aceitar a nova forma de viver do filho, o musical traz \u00e0 tona em linguagem atual, o eterno conflito entre pais e filhos, entre a raz\u00e3o e a f\u00e9, entre o ter e o ser.<\/p><p>\u00a0\u00a0\u00a0\u00a0\u00a0\u00a0\u00a0 Ao apresentar este resumo da vida de Francisco o espet\u00e1culo sugere uma reflex\u00e3o sobre a busca da paz entre povos, ra\u00e7as, e religi\u00f5es diferentes, partilhando o sonho de um mundo mais justo e mais fraterno, com \u00eanfase no esfor\u00e7o comum para uma conviv\u00eancia pac\u00edfica, no respeito rec\u00edproco e na descoberta do diferente, n\u00e3o como obst\u00e1culo, mas como riqueza.<\/p><p>\u00a0\u00a0\u00a0\u00a0\u00a0\u00a0\u00a0\u00a0 Tudo come\u00e7ou no final de 1998 quando Padre Graciano confidenciou a um grupo de jovens do Grupo JOC &#8211; Jovens em Cristo, o qual era diretor espiritual, o sonho de adaptar para o Brasil o mais famoso espet\u00e1culo italiano sobre a vida de S\u00e3o Francisco de Assis.<\/p><p>\u00a0\u00a0\u00a0\u00a0\u00a0 O grupo que j\u00e1 h\u00e1 alguns anos encenava na P\u00e1scoa um emocionante espet\u00e1culo sobre a \u201cPaix\u00e3o de Cristo\u201d na Capela de S\u00e3o Benedito, topou.<\/p><p>\u00a0\u00a0\u00a0\u00a0\u00a0 Come\u00e7aram ent\u00e3o os ensaios utilizando-se o espa\u00e7o cedido pelo Asilo S\u00e3o Vicente de Paulo, Col\u00e9gio Jesus Maria Jos\u00e9 e pela Prefeitura Municipal no Sal\u00e3o Azul do Palace Casino, com a dire\u00e7\u00e3o coreogr\u00e1fica da Professora M\u00e1rcia de Oliveira Viana.<\/p><p>\u00a0\u00a0\u00a0\u00a0\u00a0 Enquanto isso Padre Graziano ocupou-se da tradu\u00e7\u00e3o e adapta\u00e7\u00e3o das can\u00e7\u00f5es do espet\u00e1culo para o portugu\u00eas e da aprova\u00e7\u00e3o do projeto na Lei Municipal de Incentivo \u00e0 Cultura n\u00ba. 6363\/96, tendo como parceira a empresa Circullare Po\u00e7os de Caldas, que possibilitou a confec\u00e7\u00e3o do cen\u00e1rio, do figurino e de parte da grava\u00e7\u00e3o do CD, pelos cantores do pr\u00f3prio grupo e do Padre Graziano Cirina na voz de Francisco, em um est\u00fadio em Cachoeira Paulista-SP.<\/p><p>\u00a0\u00a0\u00a0\u00a0\u00a0 Foram dois anos de prepara\u00e7\u00e3o, aulas semanais de dan\u00e7a, canto, interpreta\u00e7\u00e3o, ensaios e mais ensaios.<\/p><p>\u00a0\u00a0\u00a0\u00a0\u00a0 Finalmente o espet\u00e1culo estreou na noite de 24 de dezembro de 2001, na Pra\u00e7a da S\u00e9 na cidade d\u00ea S\u00e3o Paulo-SP, em um especial de natal dedicado \u00e0 popula\u00e7\u00e3o de rua.<\/p><p>\u00a0\u00a0\u00a0\u00a0\u00a0 Desde a estreia at\u00e9 hoje, foram 45 apresenta\u00e7\u00f5es, em que milhares de pessoas j\u00e1 puderam assistir ao vivo o musical, sempre com \u00f3tima aceita\u00e7\u00e3o do p\u00fablico, que se encanta com a produ\u00e7\u00e3o, cen\u00e1rio, figurino, e a forma como a mensagem \u00e9 transmitida.<\/p><p>\u00a0\u00a0\u00a0\u00a0\u00a0 Podemos destacar tr\u00eas momentos importantes na hist\u00f3ria do Teatro: a estreia na Pra\u00e7a da S\u00e9 (2001) que proporcionou ao grupo experi\u00eancia incomum; a apresenta\u00e7\u00e3o no Santu\u00e1rio de Aparecida\/SP (2003), sendo inclusive transmitido ao vivo em rede nacional pela TV Can\u00e7\u00e3o Nova e TV Aparecida; por fim as apresenta\u00e7\u00f5es no Teatro SESI\/MINAS em Belo Horizonte (2005), todas com sucesso de p\u00fablico.<\/p><p>\u00a0\u00a0\u00a0\u00a0\u00a0 Em 2005 constituiu-se a Cia de Artes Vamos Minha Gente, entidade cultural sem fins lucrativos, que busca atrav\u00e9s da arte, acrescentar na vida das pessoas bons sentimentos de cidadania, responsabilidade social, cultural e ambiental.<\/p><p>\u00a0\u00a0\u00a0\u00a0\u00a0 A partir de 2005 a Companhia passa a contar com a dire\u00e7\u00e3o art\u00edstica da Prof. Thelma Regina de Azevedo e de Miguel Gon\u00e7alves (Miguelzinho).\u00a0\u00a0\u00a0\u00a0\u00a0\u00a0\u00a0<\/p><p>\u00a0\u00a0\u00a0\u00a0\u00a0 O espet\u00e1culo \u00e9 encenado em dois atos nos quais s\u00e3o apresentados \u00edcones da vida de Francisco de Assis, em 19 m\u00fasicas coreografadas. Os di\u00e1logos entre o pai de Francisco, Pedro Bernardone, e uma mendiga que andava nos arredores de Assis, completam o musical composto por cerca de 40 integrantes entre atores, dan\u00e7arinos e equipe t\u00e9cnica.<\/p>\t\t\t\t\t\t<\/div>\n\t\t\t\t<\/div>\n\t\t\t\t\t<\/div>\n\t\t\t\t<\/div>\n\t\t\t\t\t\t\t<\/div>\n\t\t","protected":false},"excerpt":{"rendered":"<p>Vamos minha gente \u00a0\u00a0\u00a0\u00a0\u00a0 Vamos Minha Gente \u00e9 um espet\u00e1culo baseado no consagrado musical italiano \u201cForza Venite Gente\u201d criado em 1981 por Michele Paulicelli e que j\u00e1 realizou milhares de apresenta\u00e7\u00f5es por toda Europa retratando a vida e obra de S\u00e3o Francisco de Assis, um jovem nascido no s\u00e9culo XIII, em Assis na It\u00e1lia e [&hellip;]<\/p>\n","protected":false},"author":1,"featured_media":0,"parent":155,"menu_order":0,"comment_status":"closed","ping_status":"closed","template":"elementor_header_footer","meta":{"footnotes":""},"yoast_head":"<!-- This site is optimized with the Yoast SEO plugin v19.11 - https:\/\/yoast.com\/wordpress\/plugins\/seo\/ -->\n<title>Vamos Minha Gente - Memorial Padre Graziano Cirina<\/title>\n<meta name=\"robots\" content=\"index, follow, max-snippet:-1, max-image-preview:large, max-video-preview:-1\" \/>\n<link rel=\"canonical\" href=\"https:\/\/padregraziano.com\/index.php\/projetos\/vamos-minha-gente\/\" \/>\n<meta property=\"og:locale\" content=\"pt_BR\" \/>\n<meta property=\"og:type\" content=\"article\" \/>\n<meta property=\"og:title\" content=\"Vamos Minha Gente - Memorial Padre Graziano Cirina\" \/>\n<meta property=\"og:description\" content=\"Vamos minha gente \u00a0\u00a0\u00a0\u00a0\u00a0 Vamos Minha Gente \u00e9 um espet\u00e1culo baseado no consagrado musical italiano \u201cForza Venite Gente\u201d criado em 1981 por Michele Paulicelli e que j\u00e1 realizou milhares de apresenta\u00e7\u00f5es por toda Europa retratando a vida e obra de S\u00e3o Francisco de Assis, um jovem nascido no s\u00e9culo XIII, em Assis na It\u00e1lia e [&hellip;]\" \/>\n<meta property=\"og:url\" content=\"https:\/\/padregraziano.com\/index.php\/projetos\/vamos-minha-gente\/\" \/>\n<meta property=\"og:site_name\" content=\"Memorial Padre Graziano Cirina\" \/>\n<meta property=\"article:publisher\" content=\"https:\/\/www.facebook.com\/MemorialPadreGraziano\" \/>\n<meta property=\"article:modified_time\" content=\"2022-12-01T12:53:10+00:00\" \/>\n<meta property=\"og:image\" content=\"https:\/\/padregraziano.com\/wp-content\/uploads\/2022\/11\/69134_3115776433752_250633564_n.jpg\" \/>\n<meta name=\"twitter:card\" content=\"summary_large_image\" \/>\n<meta name=\"twitter:label1\" content=\"Est. tempo de leitura\" \/>\n\t<meta name=\"twitter:data1\" content=\"3 minutos\" \/>\n<script type=\"application\/ld+json\" class=\"yoast-schema-graph\">{\"@context\":\"https:\/\/schema.org\",\"@graph\":[{\"@type\":\"WebPage\",\"@id\":\"https:\/\/padregraziano.com\/index.php\/projetos\/vamos-minha-gente\/\",\"url\":\"https:\/\/padregraziano.com\/index.php\/projetos\/vamos-minha-gente\/\",\"name\":\"Vamos Minha Gente - Memorial Padre Graziano Cirina\",\"isPartOf\":{\"@id\":\"https:\/\/padregraziano.com\/#website\"},\"datePublished\":\"2022-11-17T13:13:19+00:00\",\"dateModified\":\"2022-12-01T12:53:10+00:00\",\"breadcrumb\":{\"@id\":\"https:\/\/padregraziano.com\/index.php\/projetos\/vamos-minha-gente\/#breadcrumb\"},\"inLanguage\":\"pt-BR\",\"potentialAction\":[{\"@type\":\"ReadAction\",\"target\":[\"https:\/\/padregraziano.com\/index.php\/projetos\/vamos-minha-gente\/\"]}]},{\"@type\":\"BreadcrumbList\",\"@id\":\"https:\/\/padregraziano.com\/index.php\/projetos\/vamos-minha-gente\/#breadcrumb\",\"itemListElement\":[{\"@type\":\"ListItem\",\"position\":1,\"name\":\"In\u00edcio\",\"item\":\"https:\/\/padregraziano.com\/\"},{\"@type\":\"ListItem\",\"position\":2,\"name\":\"Projetos\",\"item\":\"https:\/\/padregraziano.com\/index.php\/projetos\/\"},{\"@type\":\"ListItem\",\"position\":3,\"name\":\"Vamos Minha Gente\"}]},{\"@type\":\"WebSite\",\"@id\":\"https:\/\/padregraziano.com\/#website\",\"url\":\"https:\/\/padregraziano.com\/\",\"name\":\"Memorial Padre Graziano Cirina\",\"description\":\"Site dedicado a manter viva a mem\u00f3ria do padre Graziano Cirina\",\"publisher\":{\"@id\":\"https:\/\/padregraziano.com\/#organization\"},\"potentialAction\":[{\"@type\":\"SearchAction\",\"target\":{\"@type\":\"EntryPoint\",\"urlTemplate\":\"https:\/\/padregraziano.com\/?s={search_term_string}\"},\"query-input\":\"required name=search_term_string\"}],\"inLanguage\":\"pt-BR\"},{\"@type\":\"Organization\",\"@id\":\"https:\/\/padregraziano.com\/#organization\",\"name\":\"Memorial Padre Graziano Cirina\",\"url\":\"https:\/\/padregraziano.com\/\",\"logo\":{\"@type\":\"ImageObject\",\"inLanguage\":\"pt-BR\",\"@id\":\"https:\/\/padregraziano.com\/#\/schema\/logo\/image\/\",\"url\":\"https:\/\/padregraziano.com\/wp-content\/uploads\/2022\/06\/Sem-titulo-1.png\",\"contentUrl\":\"https:\/\/padregraziano.com\/wp-content\/uploads\/2022\/06\/Sem-titulo-1.png\",\"width\":1080,\"height\":361,\"caption\":\"Memorial Padre Graziano Cirina\"},\"image\":{\"@id\":\"https:\/\/padregraziano.com\/#\/schema\/logo\/image\/\"},\"sameAs\":[\"https:\/\/www.instagram.com\/memorialpadregraziano\/\",\"https:\/\/www.youtube.com\/channel\/UC-8LlZNOI_0L6AEaMkpTY5A\",\"https:\/\/www.facebook.com\/MemorialPadreGraziano\"]}]}<\/script>\n<!-- \/ Yoast SEO plugin. -->","yoast_head_json":{"title":"Vamos Minha Gente - Memorial Padre Graziano Cirina","robots":{"index":"index","follow":"follow","max-snippet":"max-snippet:-1","max-image-preview":"max-image-preview:large","max-video-preview":"max-video-preview:-1"},"canonical":"https:\/\/padregraziano.com\/index.php\/projetos\/vamos-minha-gente\/","og_locale":"pt_BR","og_type":"article","og_title":"Vamos Minha Gente - Memorial Padre Graziano Cirina","og_description":"Vamos minha gente \u00a0\u00a0\u00a0\u00a0\u00a0 Vamos Minha Gente \u00e9 um espet\u00e1culo baseado no consagrado musical italiano \u201cForza Venite Gente\u201d criado em 1981 por Michele Paulicelli e que j\u00e1 realizou milhares de apresenta\u00e7\u00f5es por toda Europa retratando a vida e obra de S\u00e3o Francisco de Assis, um jovem nascido no s\u00e9culo XIII, em Assis na It\u00e1lia e [&hellip;]","og_url":"https:\/\/padregraziano.com\/index.php\/projetos\/vamos-minha-gente\/","og_site_name":"Memorial Padre Graziano Cirina","article_publisher":"https:\/\/www.facebook.com\/MemorialPadreGraziano","article_modified_time":"2022-12-01T12:53:10+00:00","og_image":[{"url":"https:\/\/padregraziano.com\/wp-content\/uploads\/2022\/11\/69134_3115776433752_250633564_n.jpg"}],"twitter_card":"summary_large_image","twitter_misc":{"Est. tempo de leitura":"3 minutos"},"schema":{"@context":"https:\/\/schema.org","@graph":[{"@type":"WebPage","@id":"https:\/\/padregraziano.com\/index.php\/projetos\/vamos-minha-gente\/","url":"https:\/\/padregraziano.com\/index.php\/projetos\/vamos-minha-gente\/","name":"Vamos Minha Gente - Memorial Padre Graziano Cirina","isPartOf":{"@id":"https:\/\/padregraziano.com\/#website"},"datePublished":"2022-11-17T13:13:19+00:00","dateModified":"2022-12-01T12:53:10+00:00","breadcrumb":{"@id":"https:\/\/padregraziano.com\/index.php\/projetos\/vamos-minha-gente\/#breadcrumb"},"inLanguage":"pt-BR","potentialAction":[{"@type":"ReadAction","target":["https:\/\/padregraziano.com\/index.php\/projetos\/vamos-minha-gente\/"]}]},{"@type":"BreadcrumbList","@id":"https:\/\/padregraziano.com\/index.php\/projetos\/vamos-minha-gente\/#breadcrumb","itemListElement":[{"@type":"ListItem","position":1,"name":"In\u00edcio","item":"https:\/\/padregraziano.com\/"},{"@type":"ListItem","position":2,"name":"Projetos","item":"https:\/\/padregraziano.com\/index.php\/projetos\/"},{"@type":"ListItem","position":3,"name":"Vamos Minha Gente"}]},{"@type":"WebSite","@id":"https:\/\/padregraziano.com\/#website","url":"https:\/\/padregraziano.com\/","name":"Memorial Padre Graziano Cirina","description":"Site dedicado a manter viva a mem\u00f3ria do padre Graziano Cirina","publisher":{"@id":"https:\/\/padregraziano.com\/#organization"},"potentialAction":[{"@type":"SearchAction","target":{"@type":"EntryPoint","urlTemplate":"https:\/\/padregraziano.com\/?s={search_term_string}"},"query-input":"required name=search_term_string"}],"inLanguage":"pt-BR"},{"@type":"Organization","@id":"https:\/\/padregraziano.com\/#organization","name":"Memorial Padre Graziano Cirina","url":"https:\/\/padregraziano.com\/","logo":{"@type":"ImageObject","inLanguage":"pt-BR","@id":"https:\/\/padregraziano.com\/#\/schema\/logo\/image\/","url":"https:\/\/padregraziano.com\/wp-content\/uploads\/2022\/06\/Sem-titulo-1.png","contentUrl":"https:\/\/padregraziano.com\/wp-content\/uploads\/2022\/06\/Sem-titulo-1.png","width":1080,"height":361,"caption":"Memorial Padre Graziano Cirina"},"image":{"@id":"https:\/\/padregraziano.com\/#\/schema\/logo\/image\/"},"sameAs":["https:\/\/www.instagram.com\/memorialpadregraziano\/","https:\/\/www.youtube.com\/channel\/UC-8LlZNOI_0L6AEaMkpTY5A","https:\/\/www.facebook.com\/MemorialPadreGraziano"]}]}},"_links":{"self":[{"href":"https:\/\/padregraziano.com\/index.php\/wp-json\/wp\/v2\/pages\/160"}],"collection":[{"href":"https:\/\/padregraziano.com\/index.php\/wp-json\/wp\/v2\/pages"}],"about":[{"href":"https:\/\/padregraziano.com\/index.php\/wp-json\/wp\/v2\/types\/page"}],"author":[{"embeddable":true,"href":"https:\/\/padregraziano.com\/index.php\/wp-json\/wp\/v2\/users\/1"}],"replies":[{"embeddable":true,"href":"https:\/\/padregraziano.com\/index.php\/wp-json\/wp\/v2\/comments?post=160"}],"version-history":[{"count":7,"href":"https:\/\/padregraziano.com\/index.php\/wp-json\/wp\/v2\/pages\/160\/revisions"}],"predecessor-version":[{"id":691,"href":"https:\/\/padregraziano.com\/index.php\/wp-json\/wp\/v2\/pages\/160\/revisions\/691"}],"up":[{"embeddable":true,"href":"https:\/\/padregraziano.com\/index.php\/wp-json\/wp\/v2\/pages\/155"}],"wp:attachment":[{"href":"https:\/\/padregraziano.com\/index.php\/wp-json\/wp\/v2\/media?parent=160"}],"curies":[{"name":"wp","href":"https:\/\/api.w.org\/{rel}","templated":true}]}}