{"id":158,"date":"2022-11-17T10:12:25","date_gmt":"2022-11-17T13:12:25","guid":{"rendered":"https:\/\/padregraziano.com\/?page_id=158"},"modified":"2022-11-30T12:32:11","modified_gmt":"2022-11-30T15:32:11","slug":"aphas","status":"publish","type":"page","link":"https:\/\/padregraziano.com\/index.php\/projetos\/aphas\/","title":{"rendered":"APHAS"},"content":{"rendered":"\t\t<div data-elementor-type=\"wp-page\" data-elementor-id=\"158\" class=\"elementor elementor-158\">\n\t\t\t\t\t\t\t\t\t<section class=\"elementor-section elementor-top-section elementor-element elementor-element-49e38061 elementor-section-boxed elementor-section-height-default elementor-section-height-default\" data-id=\"49e38061\" data-element_type=\"section\" data-settings=\"{&quot;jet_parallax_layout_list&quot;:[]}\">\n\t\t\t\t\t\t<div class=\"elementor-container elementor-column-gap-default\">\n\t\t\t\t\t<div class=\"elementor-column elementor-col-100 elementor-top-column elementor-element elementor-element-146bc902\" data-id=\"146bc902\" data-element_type=\"column\">\n\t\t\t<div class=\"elementor-widget-wrap elementor-element-populated\">\n\t\t\t\t\t\t\t\t<div class=\"elementor-element elementor-element-59e3f310 elementor-widget elementor-widget-spacer\" data-id=\"59e3f310\" data-element_type=\"widget\" data-widget_type=\"spacer.default\">\n\t\t\t\t<div class=\"elementor-widget-container\">\n\t\t\t<style>\/*! elementor - v3.8.1 - 13-11-2022 *\/\n.elementor-column .elementor-spacer-inner{height:var(--spacer-size)}.e-con{--container-widget-width:100%}.e-con-inner>.elementor-widget-spacer,.e-con>.elementor-widget-spacer{width:var(--container-widget-width,var(--spacer-size));-ms-flex-item-align:stretch;align-self:stretch;-ms-flex-negative:0;flex-shrink:0}.e-con-inner>.elementor-widget-spacer>.elementor-widget-container,.e-con-inner>.elementor-widget-spacer>.elementor-widget-container>.elementor-spacer,.e-con>.elementor-widget-spacer>.elementor-widget-container,.e-con>.elementor-widget-spacer>.elementor-widget-container>.elementor-spacer{height:100%}.e-con-inner>.elementor-widget-spacer>.elementor-widget-container>.elementor-spacer>.elementor-spacer-inner,.e-con>.elementor-widget-spacer>.elementor-widget-container>.elementor-spacer>.elementor-spacer-inner{height:var(--container-widget-height,var(--spacer-size))}<\/style>\t\t<div class=\"elementor-spacer\">\n\t\t\t<div class=\"elementor-spacer-inner\"><\/div>\n\t\t<\/div>\n\t\t\t\t<\/div>\n\t\t\t\t<\/div>\n\t\t\t\t<div class=\"elementor-element elementor-element-2a577a74 elementor-widget elementor-widget-spacer\" data-id=\"2a577a74\" data-element_type=\"widget\" data-widget_type=\"spacer.default\">\n\t\t\t\t<div class=\"elementor-widget-container\">\n\t\t\t\t\t<div class=\"elementor-spacer\">\n\t\t\t<div class=\"elementor-spacer-inner\"><\/div>\n\t\t<\/div>\n\t\t\t\t<\/div>\n\t\t\t\t<\/div>\n\t\t\t\t\t<\/div>\n\t\t<\/div>\n\t\t\t\t\t\t\t<\/div>\n\t\t<\/section>\n\t\t\t\t<section class=\"elementor-section elementor-top-section elementor-element elementor-element-1e0fc3df elementor-section-height-min-height elementor-section-full_width elementor-section-height-default elementor-section-items-middle\" data-id=\"1e0fc3df\" data-element_type=\"section\" data-settings=\"{&quot;background_background&quot;:&quot;gradient&quot;,&quot;shape_divider_bottom&quot;:&quot;waves&quot;,&quot;jet_parallax_layout_list&quot;:[]}\">\n\t\t\t\t\t\t\t<div class=\"elementor-background-overlay\"><\/div>\n\t\t\t\t\t\t<div class=\"elementor-shape elementor-shape-bottom\" data-negative=\"false\">\n\t\t\t<svg xmlns=\"http:\/\/www.w3.org\/2000\/svg\" viewBox=\"0 0 1000 100\" preserveAspectRatio=\"none\">\n\t<path class=\"elementor-shape-fill\" d=\"M421.9,6.5c22.6-2.5,51.5,0.4,75.5,5.3c23.6,4.9,70.9,23.5,100.5,35.7c75.8,32.2,133.7,44.5,192.6,49.7\n\tc23.6,2.1,48.7,3.5,103.4-2.5c54.7-6,106.2-25.6,106.2-25.6V0H0v30.3c0,0,72,32.6,158.4,30.5c39.2-0.7,92.8-6.7,134-22.4\n\tc21.2-8.1,52.2-18.2,79.7-24.2C399.3,7.9,411.6,7.5,421.9,6.5z\"\/>\n<\/svg>\t\t<\/div>\n\t\t\t\t\t<div class=\"elementor-container elementor-column-gap-default\">\n\t\t\t\t\t<div class=\"elementor-column elementor-col-100 elementor-top-column elementor-element elementor-element-756e92a0\" data-id=\"756e92a0\" data-element_type=\"column\">\n\t\t\t<div class=\"elementor-widget-wrap elementor-element-populated\">\n\t\t\t\t\t\t\t\t<div class=\"elementor-element elementor-element-631c087e elementor-widget elementor-widget-heading\" data-id=\"631c087e\" data-element_type=\"widget\" data-widget_type=\"heading.default\">\n\t\t\t\t<div class=\"elementor-widget-container\">\n\t\t\t<style>\/*! elementor - v3.8.1 - 13-11-2022 *\/\n.elementor-heading-title{padding:0;margin:0;line-height:1}.elementor-widget-heading .elementor-heading-title[class*=elementor-size-]>a{color:inherit;font-size:inherit;line-height:inherit}.elementor-widget-heading .elementor-heading-title.elementor-size-small{font-size:15px}.elementor-widget-heading .elementor-heading-title.elementor-size-medium{font-size:19px}.elementor-widget-heading .elementor-heading-title.elementor-size-large{font-size:29px}.elementor-widget-heading .elementor-heading-title.elementor-size-xl{font-size:39px}.elementor-widget-heading .elementor-heading-title.elementor-size-xxl{font-size:59px}<\/style><h2 class=\"elementor-heading-title elementor-size-default\">APHAS<\/h2>\t\t<\/div>\n\t\t\t\t<\/div>\n\t\t\t\t\t<\/div>\n\t\t<\/div>\n\t\t\t\t\t\t\t<\/div>\n\t\t<\/section>\n\t\t<div class=\"elementor-element elementor-element-9f3722d e-con-boxed elementor-invisible e-con\" data-id=\"9f3722d\" data-element_type=\"container\" data-settings=\"{&quot;animation&quot;:&quot;slideInUp&quot;,&quot;content_width&quot;:&quot;boxed&quot;}\">\n\t\t\t\t\t<div class=\"e-con-inner\">\n\t\t\t\t<div class=\"elementor-element elementor-element-2c691cf0 elementor-widget__width-initial elementor-widget elementor-widget-image\" data-id=\"2c691cf0\" data-element_type=\"widget\" data-widget_type=\"image.default\">\n\t\t\t\t<div class=\"elementor-widget-container\">\n\t\t\t<style>\/*! elementor - v3.8.1 - 13-11-2022 *\/\n.elementor-widget-image{text-align:center}.elementor-widget-image a{display:inline-block}.elementor-widget-image a img[src$=\".svg\"]{width:48px}.elementor-widget-image img{vertical-align:middle;display:inline-block}<\/style>\t\t\t\t\t\t\t\t\t\t\t\t<img loading=\"lazy\" decoding=\"async\" width=\"1080\" height=\"1080\" src=\"https:\/\/padregraziano.com\/wp-content\/uploads\/2022\/11\/Aphas.png\" class=\"attachment-full size-full\" alt=\"\" srcset=\"https:\/\/padregraziano.com\/wp-content\/uploads\/2022\/11\/Aphas.png 1080w, https:\/\/padregraziano.com\/wp-content\/uploads\/2022\/11\/Aphas-300x300.png 300w, https:\/\/padregraziano.com\/wp-content\/uploads\/2022\/11\/Aphas-1024x1024.png 1024w, https:\/\/padregraziano.com\/wp-content\/uploads\/2022\/11\/Aphas-150x150.png 150w, https:\/\/padregraziano.com\/wp-content\/uploads\/2022\/11\/Aphas-768x768.png 768w, https:\/\/padregraziano.com\/wp-content\/uploads\/2022\/11\/Aphas-600x600.png 600w\" sizes=\"(max-width: 1080px) 100vw, 1080px\" \/>\t\t\t\t\t\t\t\t\t\t\t\t\t\t\t<\/div>\n\t\t\t\t<\/div>\n\t\t\t\t\t<\/div>\n\t\t\t\t<\/div>\n\t\t<div class=\"elementor-element elementor-element-66d027f e-con-boxed elementor-invisible e-con\" data-id=\"66d027f\" data-element_type=\"container\" data-settings=\"{&quot;animation&quot;:&quot;fadeIn&quot;,&quot;content_width&quot;:&quot;boxed&quot;}\">\n\t\t\t\t\t<div class=\"e-con-inner\">\n\t\t\t\t<div class=\"elementor-element elementor-element-105468a9 elementor-widget elementor-widget-text-editor\" data-id=\"105468a9\" data-element_type=\"widget\" data-widget_type=\"text-editor.default\">\n\t\t\t\t<div class=\"elementor-widget-container\">\n\t\t\t<style>\/*! elementor - v3.8.1 - 13-11-2022 *\/\n.elementor-widget-text-editor.elementor-drop-cap-view-stacked .elementor-drop-cap{background-color:#818a91;color:#fff}.elementor-widget-text-editor.elementor-drop-cap-view-framed .elementor-drop-cap{color:#818a91;border:3px solid;background-color:transparent}.elementor-widget-text-editor:not(.elementor-drop-cap-view-default) .elementor-drop-cap{margin-top:8px}.elementor-widget-text-editor:not(.elementor-drop-cap-view-default) .elementor-drop-cap-letter{width:1em;height:1em}.elementor-widget-text-editor .elementor-drop-cap{float:left;text-align:center;line-height:1;font-size:50px}.elementor-widget-text-editor .elementor-drop-cap-letter{display:inline-block}<\/style>\t\t\t\t<p>A APHAS, Associa\u00e7\u00e3o de Promo\u00e7\u00e3o Humana e A\u00e7\u00e3o Social, fundada em 30 de mar\u00e7o de 2007 por Padre Graziano Cirina, nasceu do sonho comum de mais de cem pessoas participantes da Par\u00f3quia Sagrado Cora\u00e7\u00e3o de Jesus em Po\u00e7os de Caldas, que imbu\u00eddas pelos ensinamentos do Evangelho de Jesus Cristo decidiram exercitar tais valores e promover a transforma\u00e7\u00e3o na qualidade de vida de comunidades socialmente vulner\u00e1veis. APHAS, organiza\u00e7\u00e3o da sociedade civil, sem fins lucrativos, de car\u00e1ter humanit\u00e1rio e ecum\u00eanico, tem como objetivo a busca da verdadeira promo\u00e7\u00e3o da pessoa humana por meio de a\u00e7\u00f5es baseadas na educa\u00e7\u00e3o e no real crescimento integral do p\u00fablico alvo, fugindo, sistematicamente e por convic\u00e7\u00e3o, de pr\u00e1ticas paternalistas e assistencialistas. Seus programas, projetos e servi\u00e7os s\u00e3o oferecidos gratuitamente a toda popula\u00e7\u00e3o do munic\u00edpio e contamos com parcerias: institui\u00e7\u00f5es p\u00fablicas, empresas privadas e doa\u00e7\u00f5es de particulares.\u00a0<\/p><p>\u00a0<\/p><p><strong><em>NOSSA MISS\u00c3O<\/em><\/strong>: Promo\u00e7\u00e3o da Inclus\u00e3o social, qualidade de vida e bem-estar da popula\u00e7\u00e3o socialmente vulner\u00e1vel. Promo\u00e7\u00e3o do desenvolvimento econ\u00f4mico e social, combate a pobreza e defesa de garantias de direitos\u00a0dos\u00a0benefici\u00e1rios da assist\u00eancia social.<\/p><p><strong><em>\u00a0<\/em><\/strong><\/p><p><strong><em>NOSSA VIS\u00c3O<\/em><\/strong>: Ser refer\u00eancia na comunidade, como agente transformador, buscando estar sempre onde as pessoas e fam\u00edlias necessitam, fortalecendo-as atrav\u00e9s de seus programas, projetos e servi\u00e7os sociais.<\/p><p><strong><em>\u00a0<\/em><\/strong><\/p><p><strong><em>NOSSOS VALORES<\/em><\/strong>: Responsabilidade; Fraternidade; Compaix\u00e3o; Empatia; Orienta\u00e7\u00e3o; Confiabilidade; Transpar\u00eancia.<\/p><p>\u00a0<\/p><p><strong><u>CENTRO CULTURAL MEMORIAL PADRE GRAZIANO CIRINA<\/u><\/strong><\/p><p>O Centro Cultural Memorial Padre Graziano Cirina tem por objetivo manter viva a hist\u00f3ria e o legado do padre italiano que veio para Brasil e aqui viveu sua nobre miss\u00e3o de solidariedade e amor ao pr\u00f3ximo &#8211; Padre Graziano Cirina Fundador e Presidente da APHAS desde sua funda\u00e7\u00e3o em 2007. O intuito \u00e9 dar continuidade a todos os seus sonhos e projetos, resgatar, reunir e preservar suas mem\u00f3rias, escritos e hist\u00f3rias. Lugar de mem\u00f3ria e enaltecimento. Com a proposta de desenvolver o conhecimento da vida do Padre Graziano como modelo de viv\u00eancia crist\u00e3, sacerdotal e cidad\u00e3, tem por finalidade, dentre outras: Cria\u00e7\u00e3o de espa\u00e7o f\u00edsico para guarda, cuidado e manuten\u00e7\u00e3o dos objetos e pertences deixados pelo fundador com o intuito de visita\u00e7\u00e3o e preserva\u00e7\u00e3o da mem\u00f3ria f\u00edsica, hist\u00f3ria e afetiva \u2013 Cria\u00e7\u00e3o de espa\u00e7o virtual para exposi\u00e7\u00e3o e relatos da conviv\u00eancia do fundador.<\/p><p><strong><u>\u00a0<\/u><\/strong><\/p><p><strong><u>NOSSOS PROGRAMAS, PROJETOS, SERVI\u00c7OS E PARCERIAS<\/u><\/strong><\/p><p>\u00a0<\/p><p><strong><u>PROGRAMA ESCOLA DE VIDA E FUTEBOL<\/u><\/strong><\/p><p>O Programa Escola de Vida e Futebol tem como objetivo a promo\u00e7\u00e3o humana, a socializa\u00e7\u00e3o e oferece oportunidades para o exerc\u00edcio da cidadania por meio do esporte. Destinado a crian\u00e7as e adolescentes entre 6 a 18 anos \u00e9 orientado por profissionais de Educa\u00e7\u00e3o F\u00edsica, possibilitando a melhoria da qualidade de vida e prevenindo os riscos de envolvimento com viol\u00eancia e drogas. O programa tamb\u00e9m conta com o Campeonato Darci Reinaldo Dias que re\u00fane diversas escolas de futebol do munic\u00edpio. O Programa \u00e9 desenvolvido de segunda a sexta, manh\u00e3, tarde e noite e conta com profissionais de educa\u00e7\u00e3o f\u00edsica do projeto Po\u00e7os Ativa.<\/p><p><strong><u>PROGRAMA SE ESSA RUA FOSSE MINHA<\/u><\/strong><\/p><p>O Programa Se Essa Rua Fosse Minha realiza trabalhos socioassistenciais com crian\u00e7as, adolescentes e suas fam\u00edlias. Tem por objetivo o fortalecimento da conviv\u00eancia familiar e comunit\u00e1ria, o fomento e desenvolvimento de atividades relacionadas ao lazer, educa\u00e7\u00e3o e cultura, incentivando o protagonismo como potencial de transforma\u00e7\u00e3o social.<\/p><p>O programa acontece \u00e0s ter\u00e7as-feiras e atende aproximadamente 40 crian\u00e7as e adolescentes em suas atividades semanais contando com equipe t\u00e9cnica da APHAS e o apoio de volunt\u00e1rios.<\/p><p><strong><u>\u00a0<\/u><\/strong><\/p><p><strong><u>PROGRAMA ESCOLA DE M\u00daSICA S\u00c3O JOS\u00c9 <\/u><\/strong><\/p><p>O Programa Escola de M\u00fasica S\u00e3o Jos\u00e9 tem como prop\u00f3sito fazer da m\u00fasica e da arte instrumentos de resgate humano e social, de prazer e ocupa\u00e7\u00e3o, potencializando o esp\u00edrito musical e art\u00edstico presente em cada um.<\/p><p>Este programa realiza atividades volantes levando a\u00e7\u00f5es culturais aos diversos grupos de conviv\u00eancia aos demais programas da APHAS como apoio did\u00e1tico nos percursos tem\u00e1ticos trabalhados.<\/p><p><strong><u>\u00a0<\/u><\/strong><\/p><p><strong><u>PROGRAMA DE M\u00c3OS DADAS<\/u><\/strong><\/p><p>O Programa De M\u00e3os Dadas \u00e9 um grupo de conviv\u00eancia que atende mulheres de idades variadas que se re\u00fanem semanalmente para produ\u00e7\u00e3o de artesanatos. Incentiva e possibilita a conviv\u00eancia social e comunit\u00e1ria, planeja e executa a venda dos produtos, destinando os resultados \u00e0s artes\u00e3s e \u00e0 APHAS.<\/p><p>O programa acontece semanalmente \u00e0s ter\u00e7as-feiras dar\u00e1 continuidade aos trabalhos artesanais com as mais de 30 senhoras nas reuni\u00f5es semanais.<\/p><p>\u00a0<\/p><p><strong><u>PROJETO ESTA\u00c7\u00c3O DIGITAL<\/u><\/strong><\/p><p>A Esta\u00e7\u00e3o Digital tem por objetivo promover a forma\u00e7\u00e3o profissional de jovens e adultos, visando \u00e0 qualifica\u00e7\u00e3o para o mercado de trabalho. Em integra\u00e7\u00e3o com a comunidade contribui para diminuir a exclus\u00e3o social e digital atrav\u00e9s de informa\u00e7\u00f5es e disponibilidade de acesso a recursos tecnol\u00f3gicos. Permanece aberta diariamente como lan house social.<\/p><p><strong><u>\u00a0<\/u><\/strong><\/p><p><strong><u>PROJETO CESTAS B\u00c1SICAS EMERGENCIAIS<\/u><\/strong><\/p><p>Em decorr\u00eancia da pandemia que se instalou no mundo no ano de 2020 a APHAS lan\u00e7ou a campanha de cestas b\u00e1sicas para contribuir com as fam\u00edlias que passaram a procurar pela institui\u00e7\u00e3o demandando este tipo de aux\u00edlio. Devido \u00e0 situa\u00e7\u00e3o da pandemia que se mant\u00eam, bem como a demanda das fam\u00edlias com rela\u00e7\u00e3o a cesta b\u00e1sica, a APHAS permanece com a campanha, por\u00e9m em uma escala reduzida. Contamos com a parceria de diversos setores: particulares, empres\u00e1rios, com\u00e9rcio, entre outros.<\/p><p>\u00a0<\/p><p><strong><u>CASA DA PAZ <\/u><\/strong><\/p><p><strong><u>UNIDADE DE ACOLHIMENTO INFANTO JUVENIL<\/u><\/strong><\/p><p><strong>Parceria com a Prefeitura de Po\u00e7os de Caldas\/Secretaria de Sa\u00fade<\/strong><\/p><p>A Casa da Paz &#8211; Unidade de Acolhimento Infantojuvenil, propicia o acolhimento volunt\u00e1rio e cuidados cont\u00ednuos para crian\u00e7as e adolescentes de ambos os sexos com idades entre 10 e 18 anos incompletos, com necessidades decorrentes do uso de crack, \u00e1lcool e outras drogas, em situa\u00e7\u00e3o de vulnerabilidade social e familiar que demandam de acompanhamento terap\u00eautico de car\u00e1ter protetivo em complemento ao tratamento do CAPS AD.<\/p><p><strong>\u00a0<\/strong><\/p><p><strong><u>SERVI\u00c7O DE CONVIV\u00caNCIA E FORTALECIMENTO DE VINCULOS<\/u><\/strong><\/p><p><strong>Parceria com a Prefeitura de Po\u00e7os de Caldas\/Secretaria de Promo\u00e7\u00e3o Social<\/strong><\/p><p>O Servi\u00e7o APHAS Fortalecendo V\u00ednculos contribui com a rede de prote\u00e7\u00e3o social, atuando diretamente em todos os projetos e programas da APHAS em conjunto com o CRAS, de forma a garantir espa\u00e7os de socializa\u00e7\u00e3o, recrea\u00e7\u00e3o e refer\u00eancia, incentivando o conv\u00edvio familiar e comunit\u00e1rio.<\/p><p>\u00a0<\/p><p><strong><u>PROJETO PO\u00c7OS ATIVA<\/u><\/strong><\/p><p><strong>Parceria com a Prefeitura de Po\u00e7os de Caldas\/Secretaria de Esporte<\/strong><\/p><p>O Projeto Po\u00e7os Ativa visa oferecer \u00e0 popula\u00e7\u00e3o po\u00e7os-caldense o acesso di\u00e1rio a atividades esportivas e recreativas, utilizando os diversos espa\u00e7os p\u00fablicos e funcionando no contra turno escolar. Atende a diferentes faixas et\u00e1rias contribuindo para a sa\u00fade f\u00edsica e mental dos cidad\u00e3os.<\/p>\t\t\t\t\t\t<\/div>\n\t\t\t\t<\/div>\n\t\t\t\t\t<\/div>\n\t\t\t\t<\/div>\n\t\t\t\t\t\t\t<\/div>\n\t\t","protected":false},"excerpt":{"rendered":"<p>APHAS A APHAS, Associa\u00e7\u00e3o de Promo\u00e7\u00e3o Humana e A\u00e7\u00e3o Social, fundada em 30 de mar\u00e7o de 2007 por Padre Graziano Cirina, nasceu do sonho comum de mais de cem pessoas participantes da Par\u00f3quia Sagrado Cora\u00e7\u00e3o de Jesus em Po\u00e7os de Caldas, que imbu\u00eddas pelos ensinamentos do Evangelho de Jesus Cristo decidiram exercitar tais valores e [&hellip;]<\/p>\n","protected":false},"author":1,"featured_media":0,"parent":155,"menu_order":0,"comment_status":"closed","ping_status":"closed","template":"elementor_header_footer","meta":{"footnotes":""},"yoast_head":"<!-- This site is optimized with the Yoast SEO plugin v19.11 - https:\/\/yoast.com\/wordpress\/plugins\/seo\/ -->\n<title>APHAS - Memorial Padre Graziano Cirina<\/title>\n<meta name=\"robots\" content=\"index, follow, max-snippet:-1, max-image-preview:large, max-video-preview:-1\" \/>\n<link rel=\"canonical\" href=\"https:\/\/padregraziano.com\/index.php\/projetos\/aphas\/\" \/>\n<meta property=\"og:locale\" content=\"pt_BR\" \/>\n<meta property=\"og:type\" content=\"article\" \/>\n<meta property=\"og:title\" content=\"APHAS - Memorial Padre Graziano Cirina\" \/>\n<meta property=\"og:description\" content=\"APHAS A APHAS, Associa\u00e7\u00e3o de Promo\u00e7\u00e3o Humana e A\u00e7\u00e3o Social, fundada em 30 de mar\u00e7o de 2007 por Padre Graziano Cirina, nasceu do sonho comum de mais de cem pessoas participantes da Par\u00f3quia Sagrado Cora\u00e7\u00e3o de Jesus em Po\u00e7os de Caldas, que imbu\u00eddas pelos ensinamentos do Evangelho de Jesus Cristo decidiram exercitar tais valores e [&hellip;]\" \/>\n<meta property=\"og:url\" content=\"https:\/\/padregraziano.com\/index.php\/projetos\/aphas\/\" \/>\n<meta property=\"og:site_name\" content=\"Memorial Padre Graziano Cirina\" \/>\n<meta property=\"article:publisher\" content=\"https:\/\/www.facebook.com\/MemorialPadreGraziano\" \/>\n<meta property=\"article:modified_time\" content=\"2022-11-30T15:32:11+00:00\" \/>\n<meta property=\"og:image\" content=\"https:\/\/padregraziano.com\/wp-content\/uploads\/2022\/11\/Aphas.png\" \/>\n<meta name=\"twitter:card\" content=\"summary_large_image\" \/>\n<meta name=\"twitter:label1\" content=\"Est. tempo de leitura\" \/>\n\t<meta name=\"twitter:data1\" content=\"6 minutos\" \/>\n<script type=\"application\/ld+json\" class=\"yoast-schema-graph\">{\"@context\":\"https:\/\/schema.org\",\"@graph\":[{\"@type\":\"WebPage\",\"@id\":\"https:\/\/padregraziano.com\/index.php\/projetos\/aphas\/\",\"url\":\"https:\/\/padregraziano.com\/index.php\/projetos\/aphas\/\",\"name\":\"APHAS - Memorial Padre Graziano Cirina\",\"isPartOf\":{\"@id\":\"https:\/\/padregraziano.com\/#website\"},\"datePublished\":\"2022-11-17T13:12:25+00:00\",\"dateModified\":\"2022-11-30T15:32:11+00:00\",\"breadcrumb\":{\"@id\":\"https:\/\/padregraziano.com\/index.php\/projetos\/aphas\/#breadcrumb\"},\"inLanguage\":\"pt-BR\",\"potentialAction\":[{\"@type\":\"ReadAction\",\"target\":[\"https:\/\/padregraziano.com\/index.php\/projetos\/aphas\/\"]}]},{\"@type\":\"BreadcrumbList\",\"@id\":\"https:\/\/padregraziano.com\/index.php\/projetos\/aphas\/#breadcrumb\",\"itemListElement\":[{\"@type\":\"ListItem\",\"position\":1,\"name\":\"In\u00edcio\",\"item\":\"https:\/\/padregraziano.com\/\"},{\"@type\":\"ListItem\",\"position\":2,\"name\":\"Projetos\",\"item\":\"https:\/\/padregraziano.com\/index.php\/projetos\/\"},{\"@type\":\"ListItem\",\"position\":3,\"name\":\"APHAS\"}]},{\"@type\":\"WebSite\",\"@id\":\"https:\/\/padregraziano.com\/#website\",\"url\":\"https:\/\/padregraziano.com\/\",\"name\":\"Memorial Padre Graziano Cirina\",\"description\":\"Site dedicado a manter viva a mem\u00f3ria do padre Graziano Cirina\",\"publisher\":{\"@id\":\"https:\/\/padregraziano.com\/#organization\"},\"potentialAction\":[{\"@type\":\"SearchAction\",\"target\":{\"@type\":\"EntryPoint\",\"urlTemplate\":\"https:\/\/padregraziano.com\/?s={search_term_string}\"},\"query-input\":\"required name=search_term_string\"}],\"inLanguage\":\"pt-BR\"},{\"@type\":\"Organization\",\"@id\":\"https:\/\/padregraziano.com\/#organization\",\"name\":\"Memorial Padre Graziano Cirina\",\"url\":\"https:\/\/padregraziano.com\/\",\"logo\":{\"@type\":\"ImageObject\",\"inLanguage\":\"pt-BR\",\"@id\":\"https:\/\/padregraziano.com\/#\/schema\/logo\/image\/\",\"url\":\"https:\/\/padregraziano.com\/wp-content\/uploads\/2022\/06\/Sem-titulo-1.png\",\"contentUrl\":\"https:\/\/padregraziano.com\/wp-content\/uploads\/2022\/06\/Sem-titulo-1.png\",\"width\":1080,\"height\":361,\"caption\":\"Memorial Padre Graziano Cirina\"},\"image\":{\"@id\":\"https:\/\/padregraziano.com\/#\/schema\/logo\/image\/\"},\"sameAs\":[\"https:\/\/www.instagram.com\/memorialpadregraziano\/\",\"https:\/\/www.youtube.com\/channel\/UC-8LlZNOI_0L6AEaMkpTY5A\",\"https:\/\/www.facebook.com\/MemorialPadreGraziano\"]}]}<\/script>\n<!-- \/ Yoast SEO plugin. -->","yoast_head_json":{"title":"APHAS - Memorial Padre Graziano Cirina","robots":{"index":"index","follow":"follow","max-snippet":"max-snippet:-1","max-image-preview":"max-image-preview:large","max-video-preview":"max-video-preview:-1"},"canonical":"https:\/\/padregraziano.com\/index.php\/projetos\/aphas\/","og_locale":"pt_BR","og_type":"article","og_title":"APHAS - Memorial Padre Graziano Cirina","og_description":"APHAS A APHAS, Associa\u00e7\u00e3o de Promo\u00e7\u00e3o Humana e A\u00e7\u00e3o Social, fundada em 30 de mar\u00e7o de 2007 por Padre Graziano Cirina, nasceu do sonho comum de mais de cem pessoas participantes da Par\u00f3quia Sagrado Cora\u00e7\u00e3o de Jesus em Po\u00e7os de Caldas, que imbu\u00eddas pelos ensinamentos do Evangelho de Jesus Cristo decidiram exercitar tais valores e [&hellip;]","og_url":"https:\/\/padregraziano.com\/index.php\/projetos\/aphas\/","og_site_name":"Memorial Padre Graziano Cirina","article_publisher":"https:\/\/www.facebook.com\/MemorialPadreGraziano","article_modified_time":"2022-11-30T15:32:11+00:00","og_image":[{"url":"https:\/\/padregraziano.com\/wp-content\/uploads\/2022\/11\/Aphas.png"}],"twitter_card":"summary_large_image","twitter_misc":{"Est. tempo de leitura":"6 minutos"},"schema":{"@context":"https:\/\/schema.org","@graph":[{"@type":"WebPage","@id":"https:\/\/padregraziano.com\/index.php\/projetos\/aphas\/","url":"https:\/\/padregraziano.com\/index.php\/projetos\/aphas\/","name":"APHAS - Memorial Padre Graziano Cirina","isPartOf":{"@id":"https:\/\/padregraziano.com\/#website"},"datePublished":"2022-11-17T13:12:25+00:00","dateModified":"2022-11-30T15:32:11+00:00","breadcrumb":{"@id":"https:\/\/padregraziano.com\/index.php\/projetos\/aphas\/#breadcrumb"},"inLanguage":"pt-BR","potentialAction":[{"@type":"ReadAction","target":["https:\/\/padregraziano.com\/index.php\/projetos\/aphas\/"]}]},{"@type":"BreadcrumbList","@id":"https:\/\/padregraziano.com\/index.php\/projetos\/aphas\/#breadcrumb","itemListElement":[{"@type":"ListItem","position":1,"name":"In\u00edcio","item":"https:\/\/padregraziano.com\/"},{"@type":"ListItem","position":2,"name":"Projetos","item":"https:\/\/padregraziano.com\/index.php\/projetos\/"},{"@type":"ListItem","position":3,"name":"APHAS"}]},{"@type":"WebSite","@id":"https:\/\/padregraziano.com\/#website","url":"https:\/\/padregraziano.com\/","name":"Memorial Padre Graziano Cirina","description":"Site dedicado a manter viva a mem\u00f3ria do padre Graziano Cirina","publisher":{"@id":"https:\/\/padregraziano.com\/#organization"},"potentialAction":[{"@type":"SearchAction","target":{"@type":"EntryPoint","urlTemplate":"https:\/\/padregraziano.com\/?s={search_term_string}"},"query-input":"required name=search_term_string"}],"inLanguage":"pt-BR"},{"@type":"Organization","@id":"https:\/\/padregraziano.com\/#organization","name":"Memorial Padre Graziano Cirina","url":"https:\/\/padregraziano.com\/","logo":{"@type":"ImageObject","inLanguage":"pt-BR","@id":"https:\/\/padregraziano.com\/#\/schema\/logo\/image\/","url":"https:\/\/padregraziano.com\/wp-content\/uploads\/2022\/06\/Sem-titulo-1.png","contentUrl":"https:\/\/padregraziano.com\/wp-content\/uploads\/2022\/06\/Sem-titulo-1.png","width":1080,"height":361,"caption":"Memorial Padre Graziano Cirina"},"image":{"@id":"https:\/\/padregraziano.com\/#\/schema\/logo\/image\/"},"sameAs":["https:\/\/www.instagram.com\/memorialpadregraziano\/","https:\/\/www.youtube.com\/channel\/UC-8LlZNOI_0L6AEaMkpTY5A","https:\/\/www.facebook.com\/MemorialPadreGraziano"]}]}},"_links":{"self":[{"href":"https:\/\/padregraziano.com\/index.php\/wp-json\/wp\/v2\/pages\/158"}],"collection":[{"href":"https:\/\/padregraziano.com\/index.php\/wp-json\/wp\/v2\/pages"}],"about":[{"href":"https:\/\/padregraziano.com\/index.php\/wp-json\/wp\/v2\/types\/page"}],"author":[{"embeddable":true,"href":"https:\/\/padregraziano.com\/index.php\/wp-json\/wp\/v2\/users\/1"}],"replies":[{"embeddable":true,"href":"https:\/\/padregraziano.com\/index.php\/wp-json\/wp\/v2\/comments?post=158"}],"version-history":[{"count":4,"href":"https:\/\/padregraziano.com\/index.php\/wp-json\/wp\/v2\/pages\/158\/revisions"}],"predecessor-version":[{"id":672,"href":"https:\/\/padregraziano.com\/index.php\/wp-json\/wp\/v2\/pages\/158\/revisions\/672"}],"up":[{"embeddable":true,"href":"https:\/\/padregraziano.com\/index.php\/wp-json\/wp\/v2\/pages\/155"}],"wp:attachment":[{"href":"https:\/\/padregraziano.com\/index.php\/wp-json\/wp\/v2\/media?parent=158"}],"curies":[{"name":"wp","href":"https:\/\/api.w.org\/{rel}","templated":true}]}}