{"id":148,"date":"2022-11-17T10:08:09","date_gmt":"2022-11-17T13:08:09","guid":{"rendered":"https:\/\/padregraziano.com\/?page_id=148"},"modified":"2022-11-23T11:39:51","modified_gmt":"2022-11-23T14:39:51","slug":"espiritualidade","status":"publish","type":"page","link":"https:\/\/padregraziano.com\/index.php\/espiritualidade\/","title":{"rendered":"Espiritualidade"},"content":{"rendered":"\t\t<div data-elementor-type=\"wp-page\" data-elementor-id=\"148\" class=\"elementor elementor-148\">\n\t\t\t\t\t\t\t\t\t<section class=\"elementor-section elementor-top-section elementor-element elementor-element-767fab1c elementor-section-height-min-height elementor-section-full_width elementor-section-height-default elementor-section-items-middle\" data-id=\"767fab1c\" data-element_type=\"section\" data-settings=\"{&quot;background_background&quot;:&quot;gradient&quot;,&quot;shape_divider_bottom&quot;:&quot;waves&quot;,&quot;jet_parallax_layout_list&quot;:[]}\">\n\t\t\t\t\t\t\t<div class=\"elementor-background-overlay\"><\/div>\n\t\t\t\t\t\t<div class=\"elementor-shape elementor-shape-bottom\" data-negative=\"false\">\n\t\t\t<svg xmlns=\"http:\/\/www.w3.org\/2000\/svg\" viewBox=\"0 0 1000 100\" preserveAspectRatio=\"none\">\n\t<path class=\"elementor-shape-fill\" d=\"M421.9,6.5c22.6-2.5,51.5,0.4,75.5,5.3c23.6,4.9,70.9,23.5,100.5,35.7c75.8,32.2,133.7,44.5,192.6,49.7\n\tc23.6,2.1,48.7,3.5,103.4-2.5c54.7-6,106.2-25.6,106.2-25.6V0H0v30.3c0,0,72,32.6,158.4,30.5c39.2-0.7,92.8-6.7,134-22.4\n\tc21.2-8.1,52.2-18.2,79.7-24.2C399.3,7.9,411.6,7.5,421.9,6.5z\"\/>\n<\/svg>\t\t<\/div>\n\t\t\t\t\t<div class=\"elementor-container elementor-column-gap-default\">\n\t\t\t\t\t<div class=\"elementor-column elementor-col-100 elementor-top-column elementor-element elementor-element-626c1899\" data-id=\"626c1899\" data-element_type=\"column\">\n\t\t\t<div class=\"elementor-widget-wrap elementor-element-populated\">\n\t\t\t\t\t\t\t\t<div class=\"elementor-element elementor-element-103832ad elementor-widget elementor-widget-heading\" data-id=\"103832ad\" data-element_type=\"widget\" data-widget_type=\"heading.default\">\n\t\t\t\t<div class=\"elementor-widget-container\">\n\t\t\t<style>\/*! elementor - v3.8.1 - 13-11-2022 *\/\n.elementor-heading-title{padding:0;margin:0;line-height:1}.elementor-widget-heading .elementor-heading-title[class*=elementor-size-]>a{color:inherit;font-size:inherit;line-height:inherit}.elementor-widget-heading .elementor-heading-title.elementor-size-small{font-size:15px}.elementor-widget-heading .elementor-heading-title.elementor-size-medium{font-size:19px}.elementor-widget-heading .elementor-heading-title.elementor-size-large{font-size:29px}.elementor-widget-heading .elementor-heading-title.elementor-size-xl{font-size:39px}.elementor-widget-heading .elementor-heading-title.elementor-size-xxl{font-size:59px}<\/style><h3 class=\"elementor-heading-title elementor-size-default\">Textos e v\u00eddeos inspiradores do padre Graziano<\/h3>\t\t<\/div>\n\t\t\t\t<\/div>\n\t\t\t\t\t<\/div>\n\t\t<\/div>\n\t\t\t\t\t\t\t<\/div>\n\t\t<\/section>\n\t\t\t\t<section class=\"elementor-section elementor-top-section elementor-element elementor-element-7e4cfbb1 elementor-section-boxed elementor-section-height-default elementor-section-height-default\" data-id=\"7e4cfbb1\" data-element_type=\"section\" data-settings=\"{&quot;background_background&quot;:&quot;classic&quot;,&quot;jet_parallax_layout_list&quot;:[]}\">\n\t\t\t\t\t\t<div class=\"elementor-container elementor-column-gap-default\">\n\t\t\t\t\t<div class=\"elementor-column elementor-col-100 elementor-top-column elementor-element elementor-element-661ae2a1\" data-id=\"661ae2a1\" data-element_type=\"column\">\n\t\t\t<div class=\"elementor-widget-wrap elementor-element-populated\">\n\t\t\t\t\t\t\t\t<div class=\"elementor-element elementor-element-1269214f elementor-posts--align-center elementor-grid-3 elementor-grid-tablet-2 elementor-grid-mobile-1 elementor-posts--thumbnail-top elementor-card-shadow-yes elementor-posts__hover-gradient elementor-invisible elementor-widget elementor-widget-posts\" data-id=\"1269214f\" data-element_type=\"widget\" data-settings=\"{&quot;cards_row_gap&quot;:{&quot;unit&quot;:&quot;px&quot;,&quot;size&quot;:&quot;30&quot;,&quot;sizes&quot;:[]},&quot;pagination_type&quot;:&quot;load_more_infinite_scroll&quot;,&quot;_animation&quot;:&quot;fadeInLeft&quot;,&quot;cards_columns&quot;:&quot;3&quot;,&quot;cards_columns_tablet&quot;:&quot;2&quot;,&quot;cards_columns_mobile&quot;:&quot;1&quot;,&quot;cards_row_gap_tablet&quot;:{&quot;unit&quot;:&quot;px&quot;,&quot;size&quot;:&quot;&quot;,&quot;sizes&quot;:[]},&quot;cards_row_gap_mobile&quot;:{&quot;unit&quot;:&quot;px&quot;,&quot;size&quot;:&quot;&quot;,&quot;sizes&quot;:[]},&quot;load_more_spinner&quot;:{&quot;value&quot;:&quot;fas fa-spinner&quot;,&quot;library&quot;:&quot;fa-solid&quot;}}\" data-widget_type=\"posts.cards\">\n\t\t\t\t<div class=\"elementor-widget-container\">\n\t\t\t<link rel=\"stylesheet\" href=\"https:\/\/padregraziano.com\/wp-content\/plugins\/elementor-pro\/assets\/css\/widget-posts.min.css\">\t\t<div class=\"elementor-posts-container elementor-posts elementor-posts--skin-cards elementor-grid\">\n\t\t\t\t<article class=\"elementor-post elementor-grid-item post-881 post type-post status-publish format-standard has-post-thumbnail hentry category-espiritualidade category-reflexoes-espiritualidade tag-espiritualidade tag-reflexoes tag-semana-santa entry has-media\">\n\t\t\t<div class=\"elementor-post__card\">\n\t\t\t\t<a class=\"elementor-post__thumbnail__link\" href=\"https:\/\/padregraziano.com\/index.php\/2024\/03\/23\/semana-santa\/\" target=\"_blank\"><div class=\"elementor-post__thumbnail\"><img loading=\"lazy\" decoding=\"async\" width=\"1080\" height=\"1080\" src=\"https:\/\/padregraziano.com\/wp-content\/uploads\/2024\/03\/Semana-Santa-2024-Memorial_03.png\" class=\"attachment-full size-full\" alt=\"\" srcset=\"https:\/\/padregraziano.com\/wp-content\/uploads\/2024\/03\/Semana-Santa-2024-Memorial_03.png 1080w, https:\/\/padregraziano.com\/wp-content\/uploads\/2024\/03\/Semana-Santa-2024-Memorial_03-300x300.png 300w, https:\/\/padregraziano.com\/wp-content\/uploads\/2024\/03\/Semana-Santa-2024-Memorial_03-1024x1024.png 1024w, https:\/\/padregraziano.com\/wp-content\/uploads\/2024\/03\/Semana-Santa-2024-Memorial_03-150x150.png 150w, https:\/\/padregraziano.com\/wp-content\/uploads\/2024\/03\/Semana-Santa-2024-Memorial_03-768x768.png 768w, https:\/\/padregraziano.com\/wp-content\/uploads\/2024\/03\/Semana-Santa-2024-Memorial_03-600x600.png 600w\" sizes=\"(max-width: 1080px) 100vw, 1080px\" \/><\/div><\/a>\n\t\t\t\t<div class=\"elementor-post__badge\">Espiritualidade<\/div>\n\t\t\t\t<div class=\"elementor-post__text\">\n\t\t\t\t<h3 class=\"elementor-post__title\">\n\t\t\t<a href=\"https:\/\/padregraziano.com\/index.php\/2024\/03\/23\/semana-santa\/\" target=&quot;_blank&quot;>\n\t\t\t\tA Semana Santa j\u00e1 n\u00e3o \u00e9 mais Santa\t\t\t<\/a>\n\t\t<\/h3>\n\t\t\t\t<div class=\"elementor-post__excerpt\">\n\t\t\t<p>Ultimamente e em v\u00e1rias oportunidades falei que est\u00e3o nos &#8220;roubando&#8221; Deus, tirando-O da nossa vida, da nossa alma. A Semana Santa j\u00e1 n\u00e3o \u00e9 mais<\/p>\n\t\t<\/div>\n\t\t\t\t<\/div>\n\t\t\t\t<div class=\"elementor-post__meta-data\">\n\t\t\t\t\t<span class=\"elementor-post-date\">\n\t\t\t23 de mar\u00e7o de 2024\t\t<\/span>\n\t\t\t\t<\/div>\n\t\t\t\t\t<\/div>\n\t\t<\/article>\n\t\t\t\t<article class=\"elementor-post elementor-grid-item post-868 post type-post status-publish format-standard has-post-thumbnail hentry category-espiritualidade category-homilias tag-advento tag-ano-b tag-homilias tag-natal entry has-media\">\n\t\t\t<div class=\"elementor-post__card\">\n\t\t\t\t<a class=\"elementor-post__thumbnail__link\" href=\"https:\/\/padregraziano.com\/index.php\/2023\/12\/04\/ebook-um-caminho-de-esperanca\/\" target=\"_blank\"><div class=\"elementor-post__thumbnail\"><img loading=\"lazy\" decoding=\"async\" width=\"1080\" height=\"1080\" src=\"https:\/\/padregraziano.com\/wp-content\/uploads\/2023\/12\/Divulgacao-ebook-padre-Graziano-Natal_02.png\" class=\"attachment-full size-full\" alt=\"\" srcset=\"https:\/\/padregraziano.com\/wp-content\/uploads\/2023\/12\/Divulgacao-ebook-padre-Graziano-Natal_02.png 1080w, https:\/\/padregraziano.com\/wp-content\/uploads\/2023\/12\/Divulgacao-ebook-padre-Graziano-Natal_02-300x300.png 300w, https:\/\/padregraziano.com\/wp-content\/uploads\/2023\/12\/Divulgacao-ebook-padre-Graziano-Natal_02-1024x1024.png 1024w, https:\/\/padregraziano.com\/wp-content\/uploads\/2023\/12\/Divulgacao-ebook-padre-Graziano-Natal_02-150x150.png 150w, https:\/\/padregraziano.com\/wp-content\/uploads\/2023\/12\/Divulgacao-ebook-padre-Graziano-Natal_02-768x768.png 768w, https:\/\/padregraziano.com\/wp-content\/uploads\/2023\/12\/Divulgacao-ebook-padre-Graziano-Natal_02-600x600.png 600w\" sizes=\"(max-width: 1080px) 100vw, 1080px\" \/><\/div><\/a>\n\t\t\t\t<div class=\"elementor-post__badge\">Espiritualidade<\/div>\n\t\t\t\t<div class=\"elementor-post__text\">\n\t\t\t\t<h3 class=\"elementor-post__title\">\n\t\t\t<a href=\"https:\/\/padregraziano.com\/index.php\/2023\/12\/04\/ebook-um-caminho-de-esperanca\/\" target=&quot;_blank&quot;>\n\t\t\t\tUm caminho de Esperan\u00e7a &#8211; Ebook Padre Graziano\t\t\t<\/a>\n\t\t<\/h3>\n\t\t\t\t<div class=\"elementor-post__excerpt\">\n\t\t\t<p>O Advento e Natal s\u00e3o um dos mais importantes e belos tempos liturgicos de nossa Igreja. Padre Graziano sempre nos trazia lindas reflex\u00f5es sobre o<\/p>\n\t\t<\/div>\n\t\t\t\t<\/div>\n\t\t\t\t<div class=\"elementor-post__meta-data\">\n\t\t\t\t\t<span class=\"elementor-post-date\">\n\t\t\t4 de dezembro de 2023\t\t<\/span>\n\t\t\t\t<\/div>\n\t\t\t\t\t<\/div>\n\t\t<\/article>\n\t\t\t\t<article class=\"elementor-post elementor-grid-item post-864 post type-post status-publish format-standard has-post-thumbnail hentry category-homilias tag-ano-a tag-evangelista-mateus tag-homilias tag-tempo-comum entry has-media\">\n\t\t\t<div class=\"elementor-post__card\">\n\t\t\t\t<a class=\"elementor-post__thumbnail__link\" href=\"https:\/\/padregraziano.com\/index.php\/2023\/09\/02\/renunciar-ao-egoismo-carregando-a-cruz\/\" target=\"_blank\"><div class=\"elementor-post__thumbnail\"><img loading=\"lazy\" decoding=\"async\" width=\"1080\" height=\"1080\" src=\"https:\/\/padregraziano.com\/wp-content\/uploads\/2023\/09\/22o-Domingo-do-tempo-comum-ano-A_02.png\" class=\"attachment-full size-full\" alt=\"\" srcset=\"https:\/\/padregraziano.com\/wp-content\/uploads\/2023\/09\/22o-Domingo-do-tempo-comum-ano-A_02.png 1080w, https:\/\/padregraziano.com\/wp-content\/uploads\/2023\/09\/22o-Domingo-do-tempo-comum-ano-A_02-300x300.png 300w, https:\/\/padregraziano.com\/wp-content\/uploads\/2023\/09\/22o-Domingo-do-tempo-comum-ano-A_02-1024x1024.png 1024w, https:\/\/padregraziano.com\/wp-content\/uploads\/2023\/09\/22o-Domingo-do-tempo-comum-ano-A_02-150x150.png 150w, https:\/\/padregraziano.com\/wp-content\/uploads\/2023\/09\/22o-Domingo-do-tempo-comum-ano-A_02-768x768.png 768w, https:\/\/padregraziano.com\/wp-content\/uploads\/2023\/09\/22o-Domingo-do-tempo-comum-ano-A_02-600x600.png 600w\" sizes=\"(max-width: 1080px) 100vw, 1080px\" \/><\/div><\/a>\n\t\t\t\t<div class=\"elementor-post__badge\">Homilias<\/div>\n\t\t\t\t<div class=\"elementor-post__text\">\n\t\t\t\t<h3 class=\"elementor-post__title\">\n\t\t\t<a href=\"https:\/\/padregraziano.com\/index.php\/2023\/09\/02\/renunciar-ao-egoismo-carregando-a-cruz\/\" target=&quot;_blank&quot;>\n\t\t\t\t<strong>Renunciar ao ego\u00edsmo carregando a cruz do amor<\/strong>\t\t\t<\/a>\n\t\t<\/h3>\n\t\t\t\t<div class=\"elementor-post__excerpt\">\n\t\t\t<p>Homilia do XXII\u00ba Domingo do Tempo Comum \u2013 Ano A (03\/09\/2014) Leituras: Jr 20,7-9 Sl 62(63),2.3-4.5-6.8-9 (R. 2b) Rm 12,1-2 Mt 16,21-27 O evangelho deste<\/p>\n\t\t<\/div>\n\t\t\t\t<\/div>\n\t\t\t\t<div class=\"elementor-post__meta-data\">\n\t\t\t\t\t<span class=\"elementor-post-date\">\n\t\t\t2 de setembro de 2023\t\t<\/span>\n\t\t\t\t<\/div>\n\t\t\t\t\t<\/div>\n\t\t<\/article>\n\t\t\t\t<\/div>\n\t\t\t\t\t<span class=\"e-load-more-spinner\">\n\t\t\t\t<i aria-hidden=\"true\" class=\"fas fa-spinner\"><\/i>\t\t\t<\/span>\n\t\t\n\t\t\t\t<div class=\"e-load-more-anchor\" data-page=\"1\" data-max-page=\"15\" data-next-page=\"https:\/\/padregraziano.com\/index.php\/wp-json\/wp\/v2\/pages\/148\/page\/2\/\"><\/div>\n\t\t\t\t<div class=\"e-load-more-message\"><\/div>\n\t\t\t\t<\/div>\n\t\t\t\t<\/div>\n\t\t\t\t\t<\/div>\n\t\t<\/div>\n\t\t\t\t\t\t\t<\/div>\n\t\t<\/section>\n\t\t<div class=\"elementor-element elementor-element-c46505b e-con-boxed e-con\" data-id=\"c46505b\" data-element_type=\"container\" data-settings=\"{&quot;content_width&quot;:&quot;boxed&quot;}\">\n\t\t\t\t\t<div class=\"e-con-inner\">\n\t\t<div class=\"elementor-element elementor-element-a5e28b5 e-con-boxed e-con\" data-id=\"a5e28b5\" data-element_type=\"container\" data-settings=\"{&quot;background_background&quot;:&quot;classic&quot;,&quot;content_width&quot;:&quot;boxed&quot;}\">\n\t\t\t\t\t<div class=\"e-con-inner\">\n\t\t<div class=\"elementor-element elementor-element-075ee8d e-con-full e-con\" data-id=\"075ee8d\" data-element_type=\"container\" data-settings=\"{&quot;content_width&quot;:&quot;full&quot;}\">\n\t\t\t\t<div class=\"elementor-element elementor-element-a857c41 elementor-widget elementor-widget-heading\" data-id=\"a857c41\" data-element_type=\"widget\" data-widget_type=\"heading.default\">\n\t\t\t\t<div class=\"elementor-widget-container\">\n\t\t\t<h2 class=\"elementor-heading-title elementor-size-default\">Navegue pelos temas<\/h2>\t\t<\/div>\n\t\t\t\t<\/div>\n\t\t\t\t<\/div>\n\t\t<div class=\"elementor-element elementor-element-7c4c9da e-con-full e-con\" data-id=\"7c4c9da\" data-element_type=\"container\" data-settings=\"{&quot;content_width&quot;:&quot;full&quot;}\">\n\t\t\t\t<div class=\"elementor-element elementor-element-e7fa986 elementor-nav-menu--dropdown-tablet elementor-nav-menu__text-align-aside elementor-nav-menu--toggle elementor-nav-menu--burger elementor-widget elementor-widget-nav-menu\" data-id=\"e7fa986\" data-element_type=\"widget\" data-settings=\"{&quot;layout&quot;:&quot;horizontal&quot;,&quot;submenu_icon&quot;:{&quot;value&quot;:&quot;&lt;i class=\\&quot;fas fa-caret-down\\&quot;&gt;&lt;\\\/i&gt;&quot;,&quot;library&quot;:&quot;fa-solid&quot;},&quot;toggle&quot;:&quot;burger&quot;}\" data-widget_type=\"nav-menu.default\">\n\t\t\t\t<div class=\"elementor-widget-container\">\n\t\t\t<link rel=\"stylesheet\" href=\"https:\/\/padregraziano.com\/wp-content\/plugins\/elementor-pro\/assets\/css\/widget-nav-menu.min.css\">\t\t\t<nav migration_allowed=\"1\" migrated=\"0\" class=\"elementor-nav-menu--main elementor-nav-menu__container elementor-nav-menu--layout-horizontal e--pointer-background e--animation-fade\">\n\t\t\t\t<ul id=\"menu-1-e7fa986\" class=\"elementor-nav-menu\"><li class=\"menu-item menu-item-type-post_type menu-item-object-page menu-item-399\"><a href=\"https:\/\/padregraziano.com\/index.php\/espiritualidade\/homilias\/\" class=\"elementor-item\">Homilias<\/a><\/li>\n<li class=\"menu-item menu-item-type-post_type menu-item-object-page menu-item-400\"><a href=\"https:\/\/padregraziano.com\/index.php\/espiritualidade\/videos\/\" class=\"elementor-item\">V\u00eddeos<\/a><\/li>\n<li class=\"menu-item menu-item-type-post_type menu-item-object-page menu-item-398\"><a href=\"https:\/\/padregraziano.com\/index.php\/espiritualidade\/voz-do-pastor\/\" class=\"elementor-item\">Voz do pastor<\/a><\/li>\n<\/ul>\t\t\t<\/nav>\n\t\t\t\t\t<div class=\"elementor-menu-toggle\" role=\"button\" tabindex=\"0\" aria-label=\"Alternar menu\" aria-expanded=\"false\">\n\t\t\t<i aria-hidden=\"true\" role=\"presentation\" class=\"elementor-menu-toggle__icon--open eicon-menu-bar\"><\/i><i aria-hidden=\"true\" role=\"presentation\" class=\"elementor-menu-toggle__icon--close eicon-close\"><\/i>\t\t\t<span class=\"elementor-screen-only\">Menu<\/span>\n\t\t<\/div>\n\t\t\t<nav class=\"elementor-nav-menu--dropdown elementor-nav-menu__container\" aria-hidden=\"true\">\n\t\t\t\t<ul id=\"menu-2-e7fa986\" class=\"elementor-nav-menu\"><li class=\"menu-item menu-item-type-post_type menu-item-object-page menu-item-399\"><a href=\"https:\/\/padregraziano.com\/index.php\/espiritualidade\/homilias\/\" class=\"elementor-item\" tabindex=\"-1\">Homilias<\/a><\/li>\n<li class=\"menu-item menu-item-type-post_type menu-item-object-page menu-item-400\"><a href=\"https:\/\/padregraziano.com\/index.php\/espiritualidade\/videos\/\" class=\"elementor-item\" tabindex=\"-1\">V\u00eddeos<\/a><\/li>\n<li class=\"menu-item menu-item-type-post_type menu-item-object-page menu-item-398\"><a href=\"https:\/\/padregraziano.com\/index.php\/espiritualidade\/voz-do-pastor\/\" class=\"elementor-item\" tabindex=\"-1\">Voz do pastor<\/a><\/li>\n<\/ul>\t\t\t<\/nav>\n\t\t\t\t<\/div>\n\t\t\t\t<\/div>\n\t\t\t\t<\/div>\n\t\t\t\t\t<\/div>\n\t\t\t\t<\/div>\n\t\t\t\t\t<\/div>\n\t\t\t\t<\/div>\n\t\t\t\t\t\t\t<\/div>\n\t\t","protected":false},"excerpt":{"rendered":"<p>Textos e v\u00eddeos inspiradores do padre Graziano Navegue pelos temas<\/p>\n","protected":false},"author":1,"featured_media":0,"parent":0,"menu_order":0,"comment_status":"closed","ping_status":"closed","template":"elementor_header_footer","meta":{"footnotes":""},"yoast_head":"<!-- This site is optimized with the Yoast SEO plugin v19.11 - https:\/\/yoast.com\/wordpress\/plugins\/seo\/ -->\n<title>Espiritualidade - Memorial Padre Graziano Cirina<\/title>\n<meta name=\"robots\" content=\"index, follow, max-snippet:-1, max-image-preview:large, max-video-preview:-1\" \/>\n<link rel=\"canonical\" href=\"https:\/\/padregraziano.com\/index.php\/espiritualidade\/\" \/>\n<meta property=\"og:locale\" content=\"pt_BR\" \/>\n<meta property=\"og:type\" content=\"article\" \/>\n<meta property=\"og:title\" content=\"Espiritualidade - Memorial Padre Graziano Cirina\" \/>\n<meta property=\"og:description\" content=\"Textos e v\u00eddeos inspiradores do padre Graziano Navegue pelos temas\" \/>\n<meta property=\"og:url\" content=\"https:\/\/padregraziano.com\/index.php\/espiritualidade\/\" \/>\n<meta property=\"og:site_name\" content=\"Memorial Padre Graziano Cirina\" \/>\n<meta property=\"article:publisher\" content=\"https:\/\/www.facebook.com\/MemorialPadreGraziano\" \/>\n<meta property=\"article:modified_time\" content=\"2022-11-23T14:39:51+00:00\" \/>\n<meta name=\"twitter:card\" content=\"summary_large_image\" \/>\n<script type=\"application\/ld+json\" class=\"yoast-schema-graph\">{\"@context\":\"https:\/\/schema.org\",\"@graph\":[{\"@type\":\"WebPage\",\"@id\":\"https:\/\/padregraziano.com\/index.php\/espiritualidade\/\",\"url\":\"https:\/\/padregraziano.com\/index.php\/espiritualidade\/\",\"name\":\"Espiritualidade - Memorial Padre Graziano Cirina\",\"isPartOf\":{\"@id\":\"https:\/\/padregraziano.com\/#website\"},\"datePublished\":\"2022-11-17T13:08:09+00:00\",\"dateModified\":\"2022-11-23T14:39:51+00:00\",\"breadcrumb\":{\"@id\":\"https:\/\/padregraziano.com\/index.php\/espiritualidade\/#breadcrumb\"},\"inLanguage\":\"pt-BR\",\"potentialAction\":[{\"@type\":\"ReadAction\",\"target\":[\"https:\/\/padregraziano.com\/index.php\/espiritualidade\/\"]}]},{\"@type\":\"BreadcrumbList\",\"@id\":\"https:\/\/padregraziano.com\/index.php\/espiritualidade\/#breadcrumb\",\"itemListElement\":[{\"@type\":\"ListItem\",\"position\":1,\"name\":\"In\u00edcio\",\"item\":\"https:\/\/padregraziano.com\/\"},{\"@type\":\"ListItem\",\"position\":2,\"name\":\"Espiritualidade\"}]},{\"@type\":\"WebSite\",\"@id\":\"https:\/\/padregraziano.com\/#website\",\"url\":\"https:\/\/padregraziano.com\/\",\"name\":\"Memorial Padre Graziano Cirina\",\"description\":\"Site dedicado a manter viva a mem\u00f3ria do padre Graziano Cirina\",\"publisher\":{\"@id\":\"https:\/\/padregraziano.com\/#organization\"},\"potentialAction\":[{\"@type\":\"SearchAction\",\"target\":{\"@type\":\"EntryPoint\",\"urlTemplate\":\"https:\/\/padregraziano.com\/?s={search_term_string}\"},\"query-input\":\"required name=search_term_string\"}],\"inLanguage\":\"pt-BR\"},{\"@type\":\"Organization\",\"@id\":\"https:\/\/padregraziano.com\/#organization\",\"name\":\"Memorial Padre Graziano Cirina\",\"url\":\"https:\/\/padregraziano.com\/\",\"logo\":{\"@type\":\"ImageObject\",\"inLanguage\":\"pt-BR\",\"@id\":\"https:\/\/padregraziano.com\/#\/schema\/logo\/image\/\",\"url\":\"https:\/\/padregraziano.com\/wp-content\/uploads\/2022\/06\/Sem-titulo-1.png\",\"contentUrl\":\"https:\/\/padregraziano.com\/wp-content\/uploads\/2022\/06\/Sem-titulo-1.png\",\"width\":1080,\"height\":361,\"caption\":\"Memorial Padre Graziano Cirina\"},\"image\":{\"@id\":\"https:\/\/padregraziano.com\/#\/schema\/logo\/image\/\"},\"sameAs\":[\"https:\/\/www.instagram.com\/memorialpadregraziano\/\",\"https:\/\/www.youtube.com\/channel\/UC-8LlZNOI_0L6AEaMkpTY5A\",\"https:\/\/www.facebook.com\/MemorialPadreGraziano\"]}]}<\/script>\n<!-- \/ Yoast SEO plugin. -->","yoast_head_json":{"title":"Espiritualidade - Memorial Padre Graziano Cirina","robots":{"index":"index","follow":"follow","max-snippet":"max-snippet:-1","max-image-preview":"max-image-preview:large","max-video-preview":"max-video-preview:-1"},"canonical":"https:\/\/padregraziano.com\/index.php\/espiritualidade\/","og_locale":"pt_BR","og_type":"article","og_title":"Espiritualidade - Memorial Padre Graziano Cirina","og_description":"Textos e v\u00eddeos inspiradores do padre Graziano Navegue pelos temas","og_url":"https:\/\/padregraziano.com\/index.php\/espiritualidade\/","og_site_name":"Memorial Padre Graziano Cirina","article_publisher":"https:\/\/www.facebook.com\/MemorialPadreGraziano","article_modified_time":"2022-11-23T14:39:51+00:00","twitter_card":"summary_large_image","schema":{"@context":"https:\/\/schema.org","@graph":[{"@type":"WebPage","@id":"https:\/\/padregraziano.com\/index.php\/espiritualidade\/","url":"https:\/\/padregraziano.com\/index.php\/espiritualidade\/","name":"Espiritualidade - Memorial Padre Graziano Cirina","isPartOf":{"@id":"https:\/\/padregraziano.com\/#website"},"datePublished":"2022-11-17T13:08:09+00:00","dateModified":"2022-11-23T14:39:51+00:00","breadcrumb":{"@id":"https:\/\/padregraziano.com\/index.php\/espiritualidade\/#breadcrumb"},"inLanguage":"pt-BR","potentialAction":[{"@type":"ReadAction","target":["https:\/\/padregraziano.com\/index.php\/espiritualidade\/"]}]},{"@type":"BreadcrumbList","@id":"https:\/\/padregraziano.com\/index.php\/espiritualidade\/#breadcrumb","itemListElement":[{"@type":"ListItem","position":1,"name":"In\u00edcio","item":"https:\/\/padregraziano.com\/"},{"@type":"ListItem","position":2,"name":"Espiritualidade"}]},{"@type":"WebSite","@id":"https:\/\/padregraziano.com\/#website","url":"https:\/\/padregraziano.com\/","name":"Memorial Padre Graziano Cirina","description":"Site dedicado a manter viva a mem\u00f3ria do padre Graziano Cirina","publisher":{"@id":"https:\/\/padregraziano.com\/#organization"},"potentialAction":[{"@type":"SearchAction","target":{"@type":"EntryPoint","urlTemplate":"https:\/\/padregraziano.com\/?s={search_term_string}"},"query-input":"required name=search_term_string"}],"inLanguage":"pt-BR"},{"@type":"Organization","@id":"https:\/\/padregraziano.com\/#organization","name":"Memorial Padre Graziano Cirina","url":"https:\/\/padregraziano.com\/","logo":{"@type":"ImageObject","inLanguage":"pt-BR","@id":"https:\/\/padregraziano.com\/#\/schema\/logo\/image\/","url":"https:\/\/padregraziano.com\/wp-content\/uploads\/2022\/06\/Sem-titulo-1.png","contentUrl":"https:\/\/padregraziano.com\/wp-content\/uploads\/2022\/06\/Sem-titulo-1.png","width":1080,"height":361,"caption":"Memorial Padre Graziano Cirina"},"image":{"@id":"https:\/\/padregraziano.com\/#\/schema\/logo\/image\/"},"sameAs":["https:\/\/www.instagram.com\/memorialpadregraziano\/","https:\/\/www.youtube.com\/channel\/UC-8LlZNOI_0L6AEaMkpTY5A","https:\/\/www.facebook.com\/MemorialPadreGraziano"]}]}},"_links":{"self":[{"href":"https:\/\/padregraziano.com\/index.php\/wp-json\/wp\/v2\/pages\/148"}],"collection":[{"href":"https:\/\/padregraziano.com\/index.php\/wp-json\/wp\/v2\/pages"}],"about":[{"href":"https:\/\/padregraziano.com\/index.php\/wp-json\/wp\/v2\/types\/page"}],"author":[{"embeddable":true,"href":"https:\/\/padregraziano.com\/index.php\/wp-json\/wp\/v2\/users\/1"}],"replies":[{"embeddable":true,"href":"https:\/\/padregraziano.com\/index.php\/wp-json\/wp\/v2\/comments?post=148"}],"version-history":[{"count":22,"href":"https:\/\/padregraziano.com\/index.php\/wp-json\/wp\/v2\/pages\/148\/revisions"}],"predecessor-version":[{"id":521,"href":"https:\/\/padregraziano.com\/index.php\/wp-json\/wp\/v2\/pages\/148\/revisions\/521"}],"wp:attachment":[{"href":"https:\/\/padregraziano.com\/index.php\/wp-json\/wp\/v2\/media?parent=148"}],"curies":[{"name":"wp","href":"https:\/\/api.w.org\/{rel}","templated":true}]}}